{"id":1340,"date":"2025-11-26T11:31:59","date_gmt":"2025-11-26T10:31:59","guid":{"rendered":"https:\/\/passandrea.hu\/?page_id=1340"},"modified":"2025-11-26T11:31:59","modified_gmt":"2025-11-26T10:31:59","slug":"suti-tajekoztato","status":"publish","type":"page","link":"https:\/\/passandrea.hu\/en\/suti-tajekoztato\/","title":{"rendered":"S\u00fcti t\u00e1j\u00e9koztat\u00f3"},"content":{"rendered":"<style>.kb-row-layout-id1340_8ccdd3-be > .kt-row-column-wrap{align-content:start;}:where(.kb-row-layout-id1340_8ccdd3-be > .kt-row-column-wrap) > .wp-block-kadence-column{justify-content:start;}.kb-row-layout-id1340_8ccdd3-be > .kt-row-column-wrap{column-gap:var(--global-kb-gap-md, 2rem);row-gap:var(--global-kb-gap-md, 2rem);max-width:1120px;margin-left:auto;margin-right:auto;padding-top:var(--global-kb-spacing-5xl, 10rem);padding-bottom:var(--global-kb-spacing-5xl, 10rem);grid-template-columns:minmax(0, 1fr);}.kb-row-layout-id1340_8ccdd3-be > .kt-row-layout-overlay{opacity:0.30;}@media all and (max-width: 1024px){.kb-row-layout-id1340_8ccdd3-be > .kt-row-column-wrap{grid-template-columns:minmax(0, 1fr);}}@media all and (max-width: 767px){.kb-row-layout-id1340_8ccdd3-be > .kt-row-column-wrap{grid-template-columns:minmax(0, 1fr);}}<\/style><div class=\"kb-row-layout-wrap kb-row-layout-id1340_8ccdd3-be alignfull has-foreground-background-color kt-row-has-bg wp-block-kadence-rowlayout\"><div class=\"kt-row-column-wrap kt-has-1-columns kt-row-layout-equal kt-tab-layout-inherit kt-mobile-layout-row kt-row-valign-top\">\n<style>.kadence-column1340_a6dd89-9b > .kt-inside-inner-col,.kadence-column1340_a6dd89-9b > .kt-inside-inner-col:before{border-top-left-radius:0px;border-top-right-radius:0px;border-bottom-right-radius:0px;border-bottom-left-radius:0px;}.kadence-column1340_a6dd89-9b > .kt-inside-inner-col{column-gap:var(--global-kb-gap-sm, 1rem);}.kadence-column1340_a6dd89-9b > .kt-inside-inner-col{flex-direction:column;}.kadence-column1340_a6dd89-9b > .kt-inside-inner-col > .aligncenter{width:100%;}.kadence-column1340_a6dd89-9b > .kt-inside-inner-col:before{opacity:0.3;}.kadence-column1340_a6dd89-9b{position:relative;}@media all and (max-width: 1024px){.kadence-column1340_a6dd89-9b > .kt-inside-inner-col{flex-direction:column;justify-content:center;}}@media all and (max-width: 767px){.kadence-column1340_a6dd89-9b > .kt-inside-inner-col{flex-direction:column;justify-content:center;}}<\/style>\n<div class=\"wp-block-kadence-column kadence-column1340_a6dd89-9b\"><div class=\"kt-inside-inner-col\"><style>.wp-block-kadence-advancedheading.kt-adv-heading1340_402b71-94, .wp-block-kadence-advancedheading.kt-adv-heading1340_402b71-94[data-kb-block=\"kb-adv-heading1340_402b71-94\"]{font-weight:400;font-style:normal;font-family:Montserrat;color:#ffffff;}.wp-block-kadence-advancedheading.kt-adv-heading1340_402b71-94 mark.kt-highlight, .wp-block-kadence-advancedheading.kt-adv-heading1340_402b71-94[data-kb-block=\"kb-adv-heading1340_402b71-94\"] mark.kt-highlight{font-style:normal;color:#f76a0c;-webkit-box-decoration-break:clone;box-decoration-break:clone;padding-top:0px;padding-right:0px;padding-bottom:0px;padding-left:0px;}<\/style>\n<h2 class=\"kt-adv-heading1340_402b71-94 wp-block-kadence-advancedheading\" data-kb-block=\"kb-adv-heading1340_402b71-94\"><strong>S\u00fcti t\u00e1j\u00e9koztat\u00f3<\/strong><\/h2>\n\n\n<style>.wp-block-kadence-advancedheading.kt-adv-heading1340_712745-8f, .wp-block-kadence-advancedheading.kt-adv-heading1340_712745-8f[data-kb-block=\"kb-adv-heading1340_712745-8f\"]{font-size:var(--global-kb-font-size-sm, 0.9rem);font-weight:300;font-style:normal;font-family:Montserrat;}.wp-block-kadence-advancedheading.kt-adv-heading1340_712745-8f mark.kt-highlight, .wp-block-kadence-advancedheading.kt-adv-heading1340_712745-8f[data-kb-block=\"kb-adv-heading1340_712745-8f\"] mark.kt-highlight{font-style:normal;color:#f76a0c;-webkit-box-decoration-break:clone;box-decoration-break:clone;padding-top:0px;padding-right:0px;padding-bottom:0px;padding-left:0px;}.wp-block-kadence-advancedheading.kt-adv-heading1340_712745-8f[data-kb-block=\"kb-adv-heading1340_712745-8f\"] a, .kt-adv-heading-link1340_712745-8f, .kt-adv-heading-link1340_712745-8f .kt-adv-heading1340_712745-8f[data-kb-block=\"kb-adv-heading1340_712745-8f\"]{color:#ffffff;}.wp-block-kadence-advancedheading.kt-adv-heading1340_712745-8f[data-kb-block=\"kb-adv-heading1340_712745-8f\"] a:hover, .kt-adv-heading-link1340_712745-8f:hover, .kt-adv-heading-link1340_712745-8f:hover .kt-adv-heading1340_712745-8f[data-kb-block=\"kb-adv-heading1340_712745-8f\"]{color:#69caca;}<\/style>\n<h2 class=\"kt-adv-heading1340_712745-8f wp-block-kadence-advancedheading has-light-background-color has-text-color\" data-kb-block=\"kb-adv-heading1340_712745-8f\">Ez a weboldal s\u00fctiket (cookie-kat) haszn\u00e1l. A s\u00fcti egy kis sz\u00f6veges f\u00e1jl, amely az \u00d6n sz\u00e1m\u00edt\u00f3g\u00e9p\u00e9n vagy mobil eszk\u00f6z\u00e9n ker\u00fcl elhelyez\u00e9sre, amikor felkeresi az oldalt. A s\u00fctik c\u00e9lja, hogy a weboldal megfelel\u0151en m\u0171k\u00f6dj\u00f6n, illetve statisztikai \u00e9s analitikai c\u00e9lokat szolg\u00e1ljon.<br><br>Az oldalon haszn\u00e1lt s\u00fctik t\u00edpusai:<br><br><strong>Sz\u00fcks\u00e9ges s\u00fctik:<\/strong> Az oldal alapvet\u0151 m\u0171k\u00f6d\u00e9s\u00e9hez sz\u00fcks\u00e9gesek, p\u00e9ld\u00e1ul a kapcsolatfelv\u00e9teli \u0171rlap m\u0171k\u00f6d\u00e9s\u00e9hez.<br><br><strong>Analitikai \/ teljes\u00edtm\u00e9ny s\u00fctik:<\/strong> Seg\u00edtik a weboldal l\u00e1togatotts\u00e1g\u00e1nak \u00e9s haszn\u00e1lat\u00e1nak elemz\u00e9s\u00e9t, p\u00e9ld\u00e1ul Google Analytics seg\u00edts\u00e9g\u00e9vel.<br><br><strong>Harmadik f\u00e9l s\u00fctik:<\/strong> A be\u00e1gyazott YouTube vide\u00f3k, Instagram feedek vagy m\u00e1s k\u00fcls\u0151 tartalmak m\u0171k\u00f6d\u00e9s\u00e9hez sz\u00fcks\u00e9gesek. Ezeket a harmadik f\u00e9l szolg\u00e1ltat\u00f3k kezelik.<br><br>Az oldal haszn\u00e1lat\u00e1val \u00d6n elfogadja a s\u00fctik haszn\u00e1lat\u00e1t. Amennyiben nem szeretn\u00e9, hogy analitikai vagy harmadik f\u00e9l s\u00fctiket helyezz\u00fcnk el, k\u00e9rj\u00fck, \u00e1ll\u00edtsa be b\u00f6ng\u00e9sz\u0151j\u00e9ben a s\u00fctik tilt\u00e1s\u00e1t. A sz\u00fcks\u00e9ges s\u00fctik azonban a weboldal m\u0171k\u00f6d\u00e9s\u00e9hez k\u00f6telez\u0151ek, ezek n\u00e9lk\u00fcl az oldal nem minden funkci\u00f3ja lesz el\u00e9rhet\u0151.<br><br>\u00d6nnek joga van hozz\u00e1f\u00e9rni a r\u00f3la t\u00e1rolt adatokhoz, illetve tiltakozni az analitikai adatok gy\u0171jt\u00e9se ellen, p\u00e9ld\u00e1ul b\u00f6ng\u00e9sz\u0151 kieg\u00e9sz\u00edt\u0151k vagy a Do Not Track funkci\u00f3 haszn\u00e1lat\u00e1val.<\/h2>\n<\/div><\/div>\n\n<\/div><\/div>","protected":false},"excerpt":{"rendered":"<p>S\u00fcti t\u00e1j\u00e9koztat\u00f3 Ez a weboldal s\u00fctiket (cookie-kat) haszn\u00e1l. A s\u00fcti egy kis sz\u00f6veges f\u00e1jl, amely az \u00d6n sz\u00e1m\u00edt\u00f3g\u00e9p\u00e9n vagy mobil eszk\u00f6z\u00e9n ker\u00fcl elhelyez\u00e9sre, amikor felkeresi az oldalt. A s\u00fctik c\u00e9lja, hogy a weboldal megfelel\u0151en m\u0171k\u00f6dj\u00f6n, illetve statisztikai \u00e9s analitikai c\u00e9lokat szolg\u00e1ljon. Az oldalon haszn\u00e1lt s\u00fctik t\u00edpusai: Sz\u00fcks\u00e9ges s\u00fctik: Az oldal alapvet\u0151 m\u0171k\u00f6d\u00e9s\u00e9hez sz\u00fcks\u00e9gesek, p\u00e9ld\u00e1ul a &hellip; <\/p>\n<p class=\"link-more\"><a href=\"https:\/\/passandrea.hu\/en\/suti-tajekoztato\/\" class=\"more-link\">Read more<span class=\"screen-reader-text\"> &#8222;S\u00fcti t\u00e1j\u00e9koztat\u00f3&#8221;<\/span><\/a><\/p>","protected":false},"author":1,"featured_media":0,"parent":0,"menu_order":0,"comment_status":"closed","ping_status":"closed","template":"page-templates\/full-width-no-title.php","meta":{"_gspb_post_css":"","footnotes":""},"class_list":["post-1340","page","type-page","status-publish","hentry"],"yoast_head":"<!-- This site is optimized with the Yoast SEO plugin v26.4 - https:\/\/yoast.com\/wordpress\/plugins\/seo\/ -->\n<title>S\u00fcti t\u00e1j\u00e9koztat\u00f3 &#8211; Passandrea<\/title>\n<meta name=\"robots\" content=\"index, follow, max-snippet:-1, max-image-preview:large, max-video-preview:-1\" \/>\n<link rel=\"canonical\" href=\"https:\/\/passandrea.hu\/en\/suti-tajekoztato\/\" \/>\n<meta property=\"og:locale\" content=\"en_US\" \/>\n<meta property=\"og:type\" content=\"article\" \/>\n<meta property=\"og:title\" content=\"S\u00fcti t\u00e1j\u00e9koztat\u00f3 &#8211; Passandrea\" \/>\n<meta property=\"og:description\" content=\"S\u00fcti t\u00e1j\u00e9koztat\u00f3 Ez a weboldal s\u00fctiket (cookie-kat) haszn\u00e1l. A s\u00fcti egy kis sz\u00f6veges f\u00e1jl, amely az \u00d6n sz\u00e1m\u00edt\u00f3g\u00e9p\u00e9n vagy mobil eszk\u00f6z\u00e9n ker\u00fcl elhelyez\u00e9sre, amikor felkeresi az oldalt. A s\u00fctik c\u00e9lja, hogy a weboldal megfelel\u0151en m\u0171k\u00f6dj\u00f6n, illetve statisztikai \u00e9s analitikai c\u00e9lokat szolg\u00e1ljon. Az oldalon haszn\u00e1lt s\u00fctik t\u00edpusai: Sz\u00fcks\u00e9ges s\u00fctik: Az oldal alapvet\u0151 m\u0171k\u00f6d\u00e9s\u00e9hez sz\u00fcks\u00e9gesek, p\u00e9ld\u00e1ul a &hellip; Read more &quot;S\u00fcti t\u00e1j\u00e9koztat\u00f3&quot;\" \/>\n<meta property=\"og:url\" content=\"https:\/\/passandrea.hu\/en\/suti-tajekoztato\/\" \/>\n<meta property=\"og:site_name\" content=\"Passandrea\" \/>\n<meta property=\"og:image\" content=\"https:\/\/passandrea.hu\/wp-content\/uploads\/2025\/09\/kezdolap.png\" \/>\n\t<meta property=\"og:image:width\" content=\"1097\" \/>\n\t<meta property=\"og:image:height\" content=\"502\" \/>\n\t<meta property=\"og:image:type\" content=\"image\/png\" \/>\n<meta name=\"twitter:card\" content=\"summary_large_image\" \/>\n<meta name=\"twitter:label1\" content=\"Est. reading time\" \/>\n\t<meta name=\"twitter:data1\" content=\"1 minute\" \/>\n<script type=\"application\/ld+json\" class=\"yoast-schema-graph\">{\"@context\":\"https:\/\/schema.org\",\"@graph\":[{\"@type\":\"WebPage\",\"@id\":\"https:\/\/passandrea.hu\/suti-tajekoztato\/\",\"url\":\"https:\/\/passandrea.hu\/suti-tajekoztato\/\",\"name\":\"S\u00fcti t\u00e1j\u00e9koztat\u00f3 &#8211; Passandrea\",\"isPartOf\":{\"@id\":\"https:\/\/passandrea.hu\/#website\"},\"datePublished\":\"2025-11-26T10:31:59+00:00\",\"breadcrumb\":{\"@id\":\"https:\/\/passandrea.hu\/suti-tajekoztato\/#breadcrumb\"},\"inLanguage\":\"en-US\",\"potentialAction\":[{\"@type\":\"ReadAction\",\"target\":[\"https:\/\/passandrea.hu\/suti-tajekoztato\/\"]}]},{\"@type\":\"BreadcrumbList\",\"@id\":\"https:\/\/passandrea.hu\/suti-tajekoztato\/#breadcrumb\",\"itemListElement\":[{\"@type\":\"ListItem\",\"position\":1,\"name\":\"Kezd\u0151lap\",\"item\":\"https:\/\/passandrea.hu\/\"},{\"@type\":\"ListItem\",\"position\":2,\"name\":\"S\u00fcti t\u00e1j\u00e9koztat\u00f3\"}]},{\"@type\":\"WebSite\",\"@id\":\"https:\/\/passandrea.hu\/#website\",\"url\":\"https:\/\/passandrea.hu\/\",\"name\":\"Pass Andrea\",\"description\":\"dr\u00e1ma\u00edr\u00f3, rendez\u0151\",\"potentialAction\":[{\"@type\":\"SearchAction\",\"target\":{\"@type\":\"EntryPoint\",\"urlTemplate\":\"https:\/\/passandrea.hu\/?s={search_term_string}\"},\"query-input\":{\"@type\":\"PropertyValueSpecification\",\"valueRequired\":true,\"valueName\":\"search_term_string\"}}],\"inLanguage\":\"en-US\"}]}<\/script>\n<!-- \/ Yoast SEO plugin. -->","yoast_head_json":{"title":"S\u00fcti t\u00e1j\u00e9koztat\u00f3 &#8211; Passandrea","robots":{"index":"index","follow":"follow","max-snippet":"max-snippet:-1","max-image-preview":"max-image-preview:large","max-video-preview":"max-video-preview:-1"},"canonical":"https:\/\/passandrea.hu\/en\/suti-tajekoztato\/","og_locale":"en_US","og_type":"article","og_title":"S\u00fcti t\u00e1j\u00e9koztat\u00f3 &#8211; Passandrea","og_description":"S\u00fcti t\u00e1j\u00e9koztat\u00f3 Ez a weboldal s\u00fctiket (cookie-kat) haszn\u00e1l. A s\u00fcti egy kis sz\u00f6veges f\u00e1jl, amely az \u00d6n sz\u00e1m\u00edt\u00f3g\u00e9p\u00e9n vagy mobil eszk\u00f6z\u00e9n ker\u00fcl elhelyez\u00e9sre, amikor felkeresi az oldalt. A s\u00fctik c\u00e9lja, hogy a weboldal megfelel\u0151en m\u0171k\u00f6dj\u00f6n, illetve statisztikai \u00e9s analitikai c\u00e9lokat szolg\u00e1ljon. Az oldalon haszn\u00e1lt s\u00fctik t\u00edpusai: Sz\u00fcks\u00e9ges s\u00fctik: Az oldal alapvet\u0151 m\u0171k\u00f6d\u00e9s\u00e9hez sz\u00fcks\u00e9gesek, p\u00e9ld\u00e1ul a &hellip; Read more \"S\u00fcti t\u00e1j\u00e9koztat\u00f3\"","og_url":"https:\/\/passandrea.hu\/en\/suti-tajekoztato\/","og_site_name":"Passandrea","og_image":[{"width":1097,"height":502,"url":"https:\/\/passandrea.hu\/wp-content\/uploads\/2025\/09\/kezdolap.png","type":"image\/png"}],"twitter_card":"summary_large_image","twitter_misc":{"Est. reading time":"1 minute"},"schema":{"@context":"https:\/\/schema.org","@graph":[{"@type":"WebPage","@id":"https:\/\/passandrea.hu\/suti-tajekoztato\/","url":"https:\/\/passandrea.hu\/suti-tajekoztato\/","name":"S\u00fcti t\u00e1j\u00e9koztat\u00f3 &#8211; Passandrea","isPartOf":{"@id":"https:\/\/passandrea.hu\/#website"},"datePublished":"2025-11-26T10:31:59+00:00","breadcrumb":{"@id":"https:\/\/passandrea.hu\/suti-tajekoztato\/#breadcrumb"},"inLanguage":"en-US","potentialAction":[{"@type":"ReadAction","target":["https:\/\/passandrea.hu\/suti-tajekoztato\/"]}]},{"@type":"BreadcrumbList","@id":"https:\/\/passandrea.hu\/suti-tajekoztato\/#breadcrumb","itemListElement":[{"@type":"ListItem","position":1,"name":"Kezd\u0151lap","item":"https:\/\/passandrea.hu\/"},{"@type":"ListItem","position":2,"name":"S\u00fcti t\u00e1j\u00e9koztat\u00f3"}]},{"@type":"WebSite","@id":"https:\/\/passandrea.hu\/#website","url":"https:\/\/passandrea.hu\/","name":"Pass Andrea","description":"playwright, director","potentialAction":[{"@type":"SearchAction","target":{"@type":"EntryPoint","urlTemplate":"https:\/\/passandrea.hu\/?s={search_term_string}"},"query-input":{"@type":"PropertyValueSpecification","valueRequired":true,"valueName":"search_term_string"}}],"inLanguage":"en-US"}]}},"featured_image_src":false,"featured_image_src_square":false,"rbea_author_info":{"display_name":"nati","author_link":"https:\/\/passandrea.hu\/en\/author\/nati\/"},"rbea_excerpt_info":"S\u00fcti t\u00e1j\u00e9koztat\u00f3 Ez a weboldal s\u00fctiket (cookie-kat) haszn\u00e1l. A s\u00fcti egy kis sz\u00f6veges f\u00e1jl, amely az \u00d6n sz\u00e1m\u00edt\u00f3g\u00e9p\u00e9n vagy mobil eszk\u00f6z\u00e9n ker\u00fcl elhelyez\u00e9sre, amikor felkeresi az oldalt. A s\u00fctik c\u00e9lja, hogy a weboldal megfelel\u0151en m\u0171k\u00f6dj\u00f6n, illetve statisztikai \u00e9s analitikai c\u00e9lokat szolg\u00e1ljon. Az oldalon haszn\u00e1lt s\u00fctik t\u00edpusai: Sz\u00fcks\u00e9ges s\u00fctik: Az oldal alapvet\u0151 m\u0171k\u00f6d\u00e9s\u00e9hez sz\u00fcks\u00e9gesek, p\u00e9ld\u00e1ul a &hellip; <p class=\"link-more\"><a href=\"https:\/\/passandrea.hu\/en\/suti-tajekoztato\/\" class=\"more-link\">Read more<span class=\"screen-reader-text\"> \"S\u00fcti t\u00e1j\u00e9koztat\u00f3\"<\/span><\/a><\/p>","_links":{"self":[{"href":"https:\/\/passandrea.hu\/en\/wp-json\/wp\/v2\/pages\/1340","targetHints":{"allow":["GET"]}}],"collection":[{"href":"https:\/\/passandrea.hu\/en\/wp-json\/wp\/v2\/pages"}],"about":[{"href":"https:\/\/passandrea.hu\/en\/wp-json\/wp\/v2\/types\/page"}],"author":[{"embeddable":true,"href":"https:\/\/passandrea.hu\/en\/wp-json\/wp\/v2\/users\/1"}],"replies":[{"embeddable":true,"href":"https:\/\/passandrea.hu\/en\/wp-json\/wp\/v2\/comments?post=1340"}],"version-history":[{"count":1,"href":"https:\/\/passandrea.hu\/en\/wp-json\/wp\/v2\/pages\/1340\/revisions"}],"predecessor-version":[{"id":1341,"href":"https:\/\/passandrea.hu\/en\/wp-json\/wp\/v2\/pages\/1340\/revisions\/1341"}],"wp:attachment":[{"href":"https:\/\/passandrea.hu\/en\/wp-json\/wp\/v2\/media?parent=1340"}],"curies":[{"name":"wp","href":"https:\/\/api.w.org\/{rel}","templated":true}]}}