{"id":1336,"date":"2025-11-26T11:28:34","date_gmt":"2025-11-26T10:28:34","guid":{"rendered":"https:\/\/passandrea.hu\/?page_id=1336"},"modified":"2025-11-26T11:35:24","modified_gmt":"2025-11-26T10:35:24","slug":"adatkezelesi-tajekoztato","status":"publish","type":"page","link":"https:\/\/passandrea.hu\/en\/adatkezelesi-tajekoztato\/","title":{"rendered":"Adatkezel\u00e9si t\u00e1j\u00e9koztat\u00f3"},"content":{"rendered":"<style>.kb-row-layout-id1336_dfa9eb-19 > .kt-row-column-wrap{align-content:start;}:where(.kb-row-layout-id1336_dfa9eb-19 > .kt-row-column-wrap) > .wp-block-kadence-column{justify-content:start;}.kb-row-layout-id1336_dfa9eb-19 > .kt-row-column-wrap{column-gap:var(--global-kb-gap-md, 2rem);row-gap:var(--global-kb-gap-md, 2rem);max-width:1120px;margin-left:auto;margin-right:auto;padding-top:var(--global-kb-spacing-5xl, 10rem);padding-bottom:var(--global-kb-spacing-5xl, 10rem);grid-template-columns:minmax(0, 1fr);}.kb-row-layout-id1336_dfa9eb-19 > .kt-row-layout-overlay{opacity:0.30;}@media all and (max-width: 1024px){.kb-row-layout-id1336_dfa9eb-19 > .kt-row-column-wrap{grid-template-columns:minmax(0, 1fr);}}@media all and (max-width: 767px){.kb-row-layout-id1336_dfa9eb-19 > .kt-row-column-wrap{grid-template-columns:minmax(0, 1fr);}}<\/style><div class=\"kb-row-layout-wrap kb-row-layout-id1336_dfa9eb-19 alignfull has-foreground-background-color kt-row-has-bg wp-block-kadence-rowlayout\"><div class=\"kt-row-column-wrap kt-has-1-columns kt-row-layout-equal kt-tab-layout-inherit kt-mobile-layout-row kt-row-valign-top\">\n<style>.kadence-column1336_13f122-b6 > .kt-inside-inner-col,.kadence-column1336_13f122-b6 > .kt-inside-inner-col:before{border-top-left-radius:0px;border-top-right-radius:0px;border-bottom-right-radius:0px;border-bottom-left-radius:0px;}.kadence-column1336_13f122-b6 > .kt-inside-inner-col{column-gap:var(--global-kb-gap-sm, 1rem);}.kadence-column1336_13f122-b6 > .kt-inside-inner-col{flex-direction:column;}.kadence-column1336_13f122-b6 > .kt-inside-inner-col > .aligncenter{width:100%;}.kadence-column1336_13f122-b6 > .kt-inside-inner-col:before{opacity:0.3;}.kadence-column1336_13f122-b6{position:relative;}@media all and (max-width: 1024px){.kadence-column1336_13f122-b6 > .kt-inside-inner-col{flex-direction:column;justify-content:center;}}@media all and (max-width: 767px){.kadence-column1336_13f122-b6 > .kt-inside-inner-col{flex-direction:column;justify-content:center;}}<\/style>\n<div class=\"wp-block-kadence-column kadence-column1336_13f122-b6\"><div class=\"kt-inside-inner-col\"><style>.wp-block-kadence-advancedheading.kt-adv-heading1336_af34cf-30, .wp-block-kadence-advancedheading.kt-adv-heading1336_af34cf-30[data-kb-block=\"kb-adv-heading1336_af34cf-30\"]{font-weight:400;font-style:normal;font-family:Montserrat;color:#ffffff;}.wp-block-kadence-advancedheading.kt-adv-heading1336_af34cf-30 mark.kt-highlight, .wp-block-kadence-advancedheading.kt-adv-heading1336_af34cf-30[data-kb-block=\"kb-adv-heading1336_af34cf-30\"] mark.kt-highlight{font-style:normal;color:#f76a0c;-webkit-box-decoration-break:clone;box-decoration-break:clone;padding-top:0px;padding-right:0px;padding-bottom:0px;padding-left:0px;}<\/style>\n<h2 class=\"kt-adv-heading1336_af34cf-30 wp-block-kadence-advancedheading\" data-kb-block=\"kb-adv-heading1336_af34cf-30\"><strong>Adatkezel\u00e9si t\u00e1j\u00e9koztat\u00f3<\/strong><\/h2>\n\n\n<style>.wp-block-kadence-advancedheading.kt-adv-heading1336_9e26f5-ed, .wp-block-kadence-advancedheading.kt-adv-heading1336_9e26f5-ed[data-kb-block=\"kb-adv-heading1336_9e26f5-ed\"]{font-size:var(--global-kb-font-size-sm, 0.9rem);font-weight:300;font-style:normal;font-family:Montserrat;}.wp-block-kadence-advancedheading.kt-adv-heading1336_9e26f5-ed mark.kt-highlight, .wp-block-kadence-advancedheading.kt-adv-heading1336_9e26f5-ed[data-kb-block=\"kb-adv-heading1336_9e26f5-ed\"] mark.kt-highlight{font-style:normal;color:#f76a0c;-webkit-box-decoration-break:clone;box-decoration-break:clone;padding-top:0px;padding-right:0px;padding-bottom:0px;padding-left:0px;}.wp-block-kadence-advancedheading.kt-adv-heading1336_9e26f5-ed[data-kb-block=\"kb-adv-heading1336_9e26f5-ed\"] a, .kt-adv-heading-link1336_9e26f5-ed, .kt-adv-heading-link1336_9e26f5-ed .kt-adv-heading1336_9e26f5-ed[data-kb-block=\"kb-adv-heading1336_9e26f5-ed\"]{color:#ffffff;}.wp-block-kadence-advancedheading.kt-adv-heading1336_9e26f5-ed[data-kb-block=\"kb-adv-heading1336_9e26f5-ed\"] a:hover, .kt-adv-heading-link1336_9e26f5-ed:hover, .kt-adv-heading-link1336_9e26f5-ed:hover .kt-adv-heading1336_9e26f5-ed[data-kb-block=\"kb-adv-heading1336_9e26f5-ed\"]{color:#69caca;}<\/style>\n<h2 class=\"kt-adv-heading1336_9e26f5-ed wp-block-kadence-advancedheading has-light-background-color has-text-color\" data-kb-block=\"kb-adv-heading1336_9e26f5-ed\"><strong>1. Adatkezel\u0151 neve \u00e9s el\u00e9rhet\u0151s\u00e9ge:<\/strong><br>Pass Andrea<br>Email: <a>passdrea@gmail.com<\/a><br><br><strong>2. Kezelt szem\u00e9lyes adatok k\u00f6re:<\/strong><br>A weboldal <strong>kapcsolati \u0171rlapj\u00e1n kereszt\u00fcl<\/strong> az al\u00e1bbi adatokat kezelj\u00fck:<br>Name<br>Email c\u00edm<br>\u00dczenet tartalma<br><br><strong>3. Az adatok kezel\u00e9se \u00e9s c\u00e9lja:<\/strong><br>Az adatokat kiz\u00e1r\u00f3lag a k\u00f6vetkez\u0151 c\u00e9lokra haszn\u00e1ljuk:<br>Dr\u00e1ma\u00edr\u00f3i \u00e9s rendez\u0151i megkeres\u00e9sek kezel\u00e9se<br>Egy\u00fcttm\u0171k\u00f6d\u00e9sek<br>Kapcsolatfelv\u00e9tel a weboldalt l\u00e1togat\u00f3 \u00e9rdekl\u0151d\u0151kkel<br><br><strong>4. Adatok t\u00e1rol\u00e1s\u00e1nak m\u00f3dja \u00e9s id\u0151tartama:<\/strong><br>Az adatokat a <strong>kapcsolati \u0171rlapon kereszt\u00fcl kapott \u00fczenetek<\/strong> form\u00e1j\u00e1ban a weboldalt \u00fczemeltet\u0151 szem\u00e9ly (Pass Andrea) <strong>a saj\u00e1t Gmail fi\u00f3kj\u00e1ban t\u00e1rolja<\/strong>, am\u00edg sz\u00fcks\u00e9ges a kommunik\u00e1ci\u00f3 lebonyol\u00edt\u00e1s\u00e1hoz, vagy am\u00edg az \u00fczeneteket manu\u00e1lisan t\u00f6rli.<br><br><strong>5. Adatok tov\u00e1bb\u00edt\u00e1sa:<\/strong><br>Az adatok <strong>nem ker\u00fclnek tov\u00e1bb\u00edt\u00e1sra harmadik f\u00e9lnek<\/strong>.<br><br><strong>6. Adatai jogai:<\/strong><br>A weboldal l\u00e1togat\u00f3j\u00e1nak joga van:<br>Hozz\u00e1f\u00e9rni a r\u00f3la t\u00e1rolt adatokhoz<br>K\u00e9rni az adatok helyesb\u00edt\u00e9s\u00e9t<br>K\u00e9rni az adatok t\u00f6rl\u00e9s\u00e9t<br>Tiltakozni az adatkezel\u00e9s ellen<br>K\u00e9rni az adatok korl\u00e1tozott feldolgoz\u00e1s\u00e1t<br><br>K\u00e9r\u00e9s eset\u00e9n az adatok t\u00f6rl\u00e9s\u00e9re vagy m\u00f3dos\u00edt\u00e1s\u00e1ra a k\u00f6vetkez\u0151 email c\u00edmen lehet ig\u00e9nyt beny\u00fajtani: <strong><a>passdrea@gmail.com<\/a><\/strong><br><br><strong>7. Jogszab\u00e1lyi hivatkoz\u00e1s:<\/strong><br>Az adatkezel\u00e9s a <strong>GDPR<\/strong> (2016\/679\/EU) \u00e9s a <strong>Magyarorsz\u00e1g szem\u00e9lyes adatok v\u00e9delm\u00e9r\u0151l sz\u00f3l\u00f3 2011. \u00e9vi CXII. t\u00f6rv\u00e9ny<\/strong> rendelkez\u00e9seinek megfelel\u0151en t\u00f6rt\u00e9nik.<\/h2>\n<\/div><\/div>\n\n<\/div><\/div>","protected":false},"excerpt":{"rendered":"<p>Adatkezel\u00e9si t\u00e1j\u00e9koztat\u00f3 1. Adatkezel\u0151 neve \u00e9s el\u00e9rhet\u0151s\u00e9ge:Pass AndreaEmail: passdrea@gmail.com 2. Kezelt szem\u00e9lyes adatok k\u00f6re:A weboldal kapcsolati \u0171rlapj\u00e1n kereszt\u00fcl az al\u00e1bbi adatokat kezelj\u00fck:N\u00e9vEmail c\u00edm\u00dczenet tartalma 3. Az adatok kezel\u00e9se \u00e9s c\u00e9lja:Az adatokat kiz\u00e1r\u00f3lag a k\u00f6vetkez\u0151 c\u00e9lokra haszn\u00e1ljuk:Dr\u00e1ma\u00edr\u00f3i \u00e9s rendez\u0151i megkeres\u00e9sek kezel\u00e9seEgy\u00fcttm\u0171k\u00f6d\u00e9sekKapcsolatfelv\u00e9tel a weboldalt l\u00e1togat\u00f3 \u00e9rdekl\u0151d\u0151kkel 4. Adatok t\u00e1rol\u00e1s\u00e1nak m\u00f3dja \u00e9s id\u0151tartama:Az adatokat a kapcsolati \u0171rlapon kereszt\u00fcl &hellip; <\/p>\n<p class=\"link-more\"><a href=\"https:\/\/passandrea.hu\/en\/adatkezelesi-tajekoztato\/\" class=\"more-link\">Read more<span class=\"screen-reader-text\"> &#8222;Adatkezel\u00e9si t\u00e1j\u00e9koztat\u00f3&#8221;<\/span><\/a><\/p>","protected":false},"author":1,"featured_media":0,"parent":0,"menu_order":0,"comment_status":"closed","ping_status":"closed","template":"page-templates\/full-width-no-title.php","meta":{"_gspb_post_css":"","footnotes":""},"class_list":["post-1336","page","type-page","status-publish","hentry"],"yoast_head":"<!-- This site is optimized with the Yoast SEO plugin v26.4 - https:\/\/yoast.com\/wordpress\/plugins\/seo\/ -->\n<title>Adatkezel\u00e9si t\u00e1j\u00e9koztat\u00f3 &#8211; Passandrea<\/title>\n<meta name=\"robots\" content=\"index, follow, max-snippet:-1, max-image-preview:large, max-video-preview:-1\" \/>\n<link rel=\"canonical\" href=\"https:\/\/passandrea.hu\/en\/adatkezelesi-tajekoztato\/\" \/>\n<meta property=\"og:locale\" content=\"en_US\" \/>\n<meta property=\"og:type\" content=\"article\" \/>\n<meta property=\"og:title\" content=\"Adatkezel\u00e9si t\u00e1j\u00e9koztat\u00f3 &#8211; Passandrea\" \/>\n<meta property=\"og:description\" content=\"Adatkezel\u00e9si t\u00e1j\u00e9koztat\u00f3 1. Adatkezel\u0151 neve \u00e9s el\u00e9rhet\u0151s\u00e9ge:Pass AndreaEmail: passdrea@gmail.com 2. Kezelt szem\u00e9lyes adatok k\u00f6re:A weboldal kapcsolati \u0171rlapj\u00e1n kereszt\u00fcl az al\u00e1bbi adatokat kezelj\u00fck:N\u00e9vEmail c\u00edm\u00dczenet tartalma 3. Az adatok kezel\u00e9se \u00e9s c\u00e9lja:Az adatokat kiz\u00e1r\u00f3lag a k\u00f6vetkez\u0151 c\u00e9lokra haszn\u00e1ljuk:Dr\u00e1ma\u00edr\u00f3i \u00e9s rendez\u0151i megkeres\u00e9sek kezel\u00e9seEgy\u00fcttm\u0171k\u00f6d\u00e9sekKapcsolatfelv\u00e9tel a weboldalt l\u00e1togat\u00f3 \u00e9rdekl\u0151d\u0151kkel 4. Adatok t\u00e1rol\u00e1s\u00e1nak m\u00f3dja \u00e9s id\u0151tartama:Az adatokat a kapcsolati \u0171rlapon kereszt\u00fcl &hellip; Read more &quot;Adatkezel\u00e9si t\u00e1j\u00e9koztat\u00f3&quot;\" \/>\n<meta property=\"og:url\" content=\"https:\/\/passandrea.hu\/en\/adatkezelesi-tajekoztato\/\" \/>\n<meta property=\"og:site_name\" content=\"Passandrea\" \/>\n<meta property=\"article:modified_time\" content=\"2025-11-26T10:35:24+00:00\" \/>\n<meta property=\"og:image\" content=\"https:\/\/passandrea.hu\/wp-content\/uploads\/2025\/09\/kezdolap.png\" \/>\n\t<meta property=\"og:image:width\" content=\"1097\" \/>\n\t<meta property=\"og:image:height\" content=\"502\" \/>\n\t<meta property=\"og:image:type\" content=\"image\/png\" \/>\n<meta name=\"twitter:card\" content=\"summary_large_image\" \/>\n<meta name=\"twitter:label1\" content=\"Est. reading time\" \/>\n\t<meta name=\"twitter:data1\" content=\"1 minute\" \/>\n<script type=\"application\/ld+json\" class=\"yoast-schema-graph\">{\"@context\":\"https:\/\/schema.org\",\"@graph\":[{\"@type\":\"WebPage\",\"@id\":\"https:\/\/passandrea.hu\/adatkezelesi-tajekoztato\/\",\"url\":\"https:\/\/passandrea.hu\/adatkezelesi-tajekoztato\/\",\"name\":\"Adatkezel\u00e9si t\u00e1j\u00e9koztat\u00f3 &#8211; Passandrea\",\"isPartOf\":{\"@id\":\"https:\/\/passandrea.hu\/#website\"},\"datePublished\":\"2025-11-26T10:28:34+00:00\",\"dateModified\":\"2025-11-26T10:35:24+00:00\",\"breadcrumb\":{\"@id\":\"https:\/\/passandrea.hu\/adatkezelesi-tajekoztato\/#breadcrumb\"},\"inLanguage\":\"en-US\",\"potentialAction\":[{\"@type\":\"ReadAction\",\"target\":[\"https:\/\/passandrea.hu\/adatkezelesi-tajekoztato\/\"]}]},{\"@type\":\"BreadcrumbList\",\"@id\":\"https:\/\/passandrea.hu\/adatkezelesi-tajekoztato\/#breadcrumb\",\"itemListElement\":[{\"@type\":\"ListItem\",\"position\":1,\"name\":\"Kezd\u0151lap\",\"item\":\"https:\/\/passandrea.hu\/\"},{\"@type\":\"ListItem\",\"position\":2,\"name\":\"Adatkezel\u00e9si t\u00e1j\u00e9koztat\u00f3\"}]},{\"@type\":\"WebSite\",\"@id\":\"https:\/\/passandrea.hu\/#website\",\"url\":\"https:\/\/passandrea.hu\/\",\"name\":\"Pass Andrea\",\"description\":\"dr\u00e1ma\u00edr\u00f3, rendez\u0151\",\"potentialAction\":[{\"@type\":\"SearchAction\",\"target\":{\"@type\":\"EntryPoint\",\"urlTemplate\":\"https:\/\/passandrea.hu\/?s={search_term_string}\"},\"query-input\":{\"@type\":\"PropertyValueSpecification\",\"valueRequired\":true,\"valueName\":\"search_term_string\"}}],\"inLanguage\":\"en-US\"}]}<\/script>\n<!-- \/ Yoast SEO plugin. -->","yoast_head_json":{"title":"Adatkezel\u00e9si t\u00e1j\u00e9koztat\u00f3 &#8211; Passandrea","robots":{"index":"index","follow":"follow","max-snippet":"max-snippet:-1","max-image-preview":"max-image-preview:large","max-video-preview":"max-video-preview:-1"},"canonical":"https:\/\/passandrea.hu\/en\/adatkezelesi-tajekoztato\/","og_locale":"en_US","og_type":"article","og_title":"Adatkezel\u00e9si t\u00e1j\u00e9koztat\u00f3 &#8211; Passandrea","og_description":"Adatkezel\u00e9si t\u00e1j\u00e9koztat\u00f3 1. Adatkezel\u0151 neve \u00e9s el\u00e9rhet\u0151s\u00e9ge:Pass AndreaEmail: passdrea@gmail.com 2. Kezelt szem\u00e9lyes adatok k\u00f6re:A weboldal kapcsolati \u0171rlapj\u00e1n kereszt\u00fcl az al\u00e1bbi adatokat kezelj\u00fck:N\u00e9vEmail c\u00edm\u00dczenet tartalma 3. Az adatok kezel\u00e9se \u00e9s c\u00e9lja:Az adatokat kiz\u00e1r\u00f3lag a k\u00f6vetkez\u0151 c\u00e9lokra haszn\u00e1ljuk:Dr\u00e1ma\u00edr\u00f3i \u00e9s rendez\u0151i megkeres\u00e9sek kezel\u00e9seEgy\u00fcttm\u0171k\u00f6d\u00e9sekKapcsolatfelv\u00e9tel a weboldalt l\u00e1togat\u00f3 \u00e9rdekl\u0151d\u0151kkel 4. Adatok t\u00e1rol\u00e1s\u00e1nak m\u00f3dja \u00e9s id\u0151tartama:Az adatokat a kapcsolati \u0171rlapon kereszt\u00fcl &hellip; Read more \"Adatkezel\u00e9si t\u00e1j\u00e9koztat\u00f3\"","og_url":"https:\/\/passandrea.hu\/en\/adatkezelesi-tajekoztato\/","og_site_name":"Passandrea","article_modified_time":"2025-11-26T10:35:24+00:00","og_image":[{"width":1097,"height":502,"url":"https:\/\/passandrea.hu\/wp-content\/uploads\/2025\/09\/kezdolap.png","type":"image\/png"}],"twitter_card":"summary_large_image","twitter_misc":{"Est. reading time":"1 minute"},"schema":{"@context":"https:\/\/schema.org","@graph":[{"@type":"WebPage","@id":"https:\/\/passandrea.hu\/adatkezelesi-tajekoztato\/","url":"https:\/\/passandrea.hu\/adatkezelesi-tajekoztato\/","name":"Adatkezel\u00e9si t\u00e1j\u00e9koztat\u00f3 &#8211; Passandrea","isPartOf":{"@id":"https:\/\/passandrea.hu\/#website"},"datePublished":"2025-11-26T10:28:34+00:00","dateModified":"2025-11-26T10:35:24+00:00","breadcrumb":{"@id":"https:\/\/passandrea.hu\/adatkezelesi-tajekoztato\/#breadcrumb"},"inLanguage":"en-US","potentialAction":[{"@type":"ReadAction","target":["https:\/\/passandrea.hu\/adatkezelesi-tajekoztato\/"]}]},{"@type":"BreadcrumbList","@id":"https:\/\/passandrea.hu\/adatkezelesi-tajekoztato\/#breadcrumb","itemListElement":[{"@type":"ListItem","position":1,"name":"Kezd\u0151lap","item":"https:\/\/passandrea.hu\/"},{"@type":"ListItem","position":2,"name":"Adatkezel\u00e9si t\u00e1j\u00e9koztat\u00f3"}]},{"@type":"WebSite","@id":"https:\/\/passandrea.hu\/#website","url":"https:\/\/passandrea.hu\/","name":"Pass Andrea","description":"playwright, director","potentialAction":[{"@type":"SearchAction","target":{"@type":"EntryPoint","urlTemplate":"https:\/\/passandrea.hu\/?s={search_term_string}"},"query-input":{"@type":"PropertyValueSpecification","valueRequired":true,"valueName":"search_term_string"}}],"inLanguage":"en-US"}]}},"featured_image_src":false,"featured_image_src_square":false,"rbea_author_info":{"display_name":"nati","author_link":"https:\/\/passandrea.hu\/en\/author\/nati\/"},"rbea_excerpt_info":"Adatkezel\u00e9si t\u00e1j\u00e9koztat\u00f3 1. Adatkezel\u0151 neve \u00e9s el\u00e9rhet\u0151s\u00e9ge:Pass AndreaEmail: passdrea@gmail.com 2. Kezelt szem\u00e9lyes adatok k\u00f6re:A weboldal kapcsolati \u0171rlapj\u00e1n kereszt\u00fcl az al\u00e1bbi adatokat kezelj\u00fck:N\u00e9vEmail c\u00edm\u00dczenet tartalma 3. Az adatok kezel\u00e9se \u00e9s c\u00e9lja:Az adatokat kiz\u00e1r\u00f3lag a k\u00f6vetkez\u0151 c\u00e9lokra haszn\u00e1ljuk:Dr\u00e1ma\u00edr\u00f3i \u00e9s rendez\u0151i megkeres\u00e9sek kezel\u00e9seEgy\u00fcttm\u0171k\u00f6d\u00e9sekKapcsolatfelv\u00e9tel a weboldalt l\u00e1togat\u00f3 \u00e9rdekl\u0151d\u0151kkel 4. Adatok t\u00e1rol\u00e1s\u00e1nak m\u00f3dja \u00e9s id\u0151tartama:Az adatokat a kapcsolati \u0171rlapon kereszt\u00fcl &hellip; <p class=\"link-more\"><a href=\"https:\/\/passandrea.hu\/en\/adatkezelesi-tajekoztato\/\" class=\"more-link\">Read more<span class=\"screen-reader-text\"> \"Adatkezel\u00e9si t\u00e1j\u00e9koztat\u00f3\"<\/span><\/a><\/p>","_links":{"self":[{"href":"https:\/\/passandrea.hu\/en\/wp-json\/wp\/v2\/pages\/1336","targetHints":{"allow":["GET"]}}],"collection":[{"href":"https:\/\/passandrea.hu\/en\/wp-json\/wp\/v2\/pages"}],"about":[{"href":"https:\/\/passandrea.hu\/en\/wp-json\/wp\/v2\/types\/page"}],"author":[{"embeddable":true,"href":"https:\/\/passandrea.hu\/en\/wp-json\/wp\/v2\/users\/1"}],"replies":[{"embeddable":true,"href":"https:\/\/passandrea.hu\/en\/wp-json\/wp\/v2\/comments?post=1336"}],"version-history":[{"count":3,"href":"https:\/\/passandrea.hu\/en\/wp-json\/wp\/v2\/pages\/1336\/revisions"}],"predecessor-version":[{"id":1339,"href":"https:\/\/passandrea.hu\/en\/wp-json\/wp\/v2\/pages\/1336\/revisions\/1339"}],"wp:attachment":[{"href":"https:\/\/passandrea.hu\/en\/wp-json\/wp\/v2\/media?parent=1336"}],"curies":[{"name":"wp","href":"https:\/\/api.w.org\/{rel}","templated":true}]}}