{"id":114,"date":"2025-05-02T20:31:07","date_gmt":"2025-05-02T18:31:07","guid":{"rendered":"http:\/\/passandrea.hu\/?page_id=114"},"modified":"2025-06-27T11:50:29","modified_gmt":"2025-06-27T09:50:29","slug":"kapcsolat","status":"publish","type":"page","link":"https:\/\/passandrea.hu\/en\/kapcsolat\/","title":{"rendered":"Contact"},"content":{"rendered":"<style>.kb-row-layout-id114_176fde-7e > .kt-row-column-wrap{align-content:start;}:where(.kb-row-layout-id114_176fde-7e > .kt-row-column-wrap) > .wp-block-kadence-column{justify-content:start;}.kb-row-layout-id114_176fde-7e > .kt-row-column-wrap{column-gap:var(--global-kb-gap-md, 2rem);row-gap:var(--global-kb-gap-md, 2rem);padding-top:var(--global-kb-spacing-5xl, 10rem);padding-bottom:var(--global-kb-spacing-5xl, 10rem);grid-template-columns:minmax(0, 1fr);}.kb-row-layout-id114_176fde-7e{background-image:url('http:\/\/passandrea.hu\/wp-content\/uploads\/2025\/05\/Horesnyi-Mate-scaled.jpg');background-size:cover;background-position:77% 61%;background-attachment:fixed;background-repeat:no-repeat;}.kb-row-layout-id114_176fde-7e > .kt-row-layout-overlay{opacity:0.30;}@media all and (max-width: 1024px), only screen and (min-device-width: 1024px) and (max-device-width: 1366px) and (-webkit-min-device-pixel-ratio: 2) and (hover: none){.kb-row-layout-id114_176fde-7e{background-attachment:scroll;}}@media all and (max-width: 1024px){.kb-row-layout-id114_176fde-7e > .kt-row-column-wrap{grid-template-columns:minmax(0, 1fr);}}@media all and (max-width: 767px){.kb-row-layout-id114_176fde-7e > .kt-row-column-wrap{grid-template-columns:minmax(0, 1fr);}}<\/style><div class=\"kb-row-layout-wrap kb-row-layout-id114_176fde-7e alignfull kt-row-has-bg wp-block-kadence-rowlayout\"><div class=\"kt-row-column-wrap kt-has-1-columns kt-row-layout-equal kt-tab-layout-inherit kt-mobile-layout-row kt-row-valign-top\">\n<style>.kadence-column114_89400d-6f > .kt-inside-inner-col,.kadence-column114_89400d-6f > .kt-inside-inner-col:before{border-top-left-radius:0px;border-top-right-radius:0px;border-bottom-right-radius:0px;border-bottom-left-radius:0px;}.kadence-column114_89400d-6f > .kt-inside-inner-col{column-gap:var(--global-kb-gap-sm, 1rem);}.kadence-column114_89400d-6f > .kt-inside-inner-col{flex-direction:column;}.kadence-column114_89400d-6f > .kt-inside-inner-col > .aligncenter{width:100%;}.kadence-column114_89400d-6f > .kt-inside-inner-col:before{opacity:0.3;}.kadence-column114_89400d-6f{position:relative;}@media all and (max-width: 1024px){.kadence-column114_89400d-6f > .kt-inside-inner-col{flex-direction:column;justify-content:center;}}@media all and (max-width: 767px){.kadence-column114_89400d-6f > .kt-inside-inner-col{flex-direction:column;justify-content:center;}}<\/style>\n<div class=\"wp-block-kadence-column kadence-column114_89400d-6f\"><div class=\"kt-inside-inner-col\"><style>.wp-block-kadence-advancedheading.kt-adv-heading114_ca47e9-0a, .wp-block-kadence-advancedheading.kt-adv-heading114_ca47e9-0a[data-kb-block=\"kb-adv-heading114_ca47e9-0a\"]{padding-bottom:var(--global-kb-spacing-sm, 1.5rem);text-align:center;font-size:26px;font-weight:500;font-style:normal;font-family:Montserrat;letter-spacing:0.5px;}.wp-block-kadence-advancedheading.kt-adv-heading114_ca47e9-0a mark.kt-highlight, .wp-block-kadence-advancedheading.kt-adv-heading114_ca47e9-0a[data-kb-block=\"kb-adv-heading114_ca47e9-0a\"] mark.kt-highlight{font-style:normal;color:#f76a0c;-webkit-box-decoration-break:clone;box-decoration-break:clone;padding-top:0px;padding-right:0px;padding-bottom:0px;padding-left:0px;}<\/style>\n<h2 class=\"kt-adv-heading114_ca47e9-0a wp-block-kadence-advancedheading has-light-background-color has-text-color\" data-kb-block=\"kb-adv-heading114_ca47e9-0a\">Contact<\/h2>\n\n\n<style>.kadence-column114_a9b62d-72{max-width:868px;margin-left:auto;margin-right:auto;}.wp-block-kadence-column.kb-section-dir-horizontal:not(.kb-section-md-dir-vertical)>.kt-inside-inner-col>.kadence-column114_a9b62d-72{-webkit-flex:0 1 868px;flex:0 1 868px;max-width:unset;margin-left:unset;margin-right:unset;}.kadence-column114_a9b62d-72 > .kt-inside-inner-col,.kadence-column114_a9b62d-72 > .kt-inside-inner-col:before{border-top-left-radius:0px;border-top-right-radius:0px;border-bottom-right-radius:0px;border-bottom-left-radius:0px;}.kadence-column114_a9b62d-72 > .kt-inside-inner-col{column-gap:var(--global-kb-gap-sm, 1rem);}.kadence-column114_a9b62d-72 > .kt-inside-inner-col{flex-direction:column;}.kadence-column114_a9b62d-72 > .kt-inside-inner-col > .aligncenter{width:100%;}.kadence-column114_a9b62d-72 > .kt-inside-inner-col:before{opacity:0.3;}.kadence-column114_a9b62d-72{position:relative;}@media all and (min-width: 1025px){.wp-block-kadence-column.kb-section-dir-horizontal>.kt-inside-inner-col>.kadence-column114_a9b62d-72{-webkit-flex:0 1 868px;flex:0 1 868px;max-width:unset;margin-left:unset;margin-right:unset;}}@media all and (max-width: 1024px){.kadence-column114_a9b62d-72 > .kt-inside-inner-col{flex-direction:column;justify-content:center;}}@media all and (max-width: 767px){.wp-block-kadence-column.kb-section-sm-dir-vertical:not(.kb-section-sm-dir-horizontal):not(.kb-section-sm-dir-specificity)>.kt-inside-inner-col>.kadence-column114_a9b62d-72{max-width:868px;-webkit-flex:1;flex:1;margin-left:auto;margin-right:auto;}.kadence-column114_a9b62d-72 > .kt-inside-inner-col{flex-direction:column;justify-content:center;}}<\/style>\n<div class=\"wp-block-kadence-column kadence-column114_a9b62d-72\"><div class=\"kt-inside-inner-col\"><style>.wp-block-kadence-advanced-form822-cpt-id .kb-adv-form-field .kb-adv-form-label{font-size:var(--global-kb-font-size-sm, 0.9rem);font-family:Montserrat;font-weight:400;color:#ffffff;}.wp-block-kadence-advanced-form822-cpt-id .kb-adv-form-help{font-size:var(--global-kb-font-size-sm, 0.9rem);font-family:Montserrat;font-weight:400;font-style:normal;}.wp-block-kadence-advanced-form822-cpt-id .kb-adv-form-message{font-family:Montserrat;font-weight:400;}.wp-block-kadence-advanced-form822-cpt-id .kb-adv-form-success{border-top:2px solid #a9ee63;border-right:2px solid #a9ee63;border-bottom:2px solid #a9ee63;border-left:2px solid #a9ee63;color:#000;}.wp-block-kadence-advanced-form822-cpt-id .kb-adv-form-warning{border-top:2px solid #f57171;border-right:2px solid #f57171;border-bottom:2px solid #f57171;border-left:2px solid #f57171;color:#000;}@media all and (max-width: 1024px){.wp-block-kadence-advanced-form822-cpt-id .kb-adv-form-success{border-top:2px solid #a9ee63;border-right:2px solid #a9ee63;border-bottom:2px solid #a9ee63;border-left:2px solid #a9ee63;}}@media all and (max-width: 1024px){.wp-block-kadence-advanced-form822-cpt-id .kb-adv-form-warning{border-top:2px solid #f57171;border-right:2px solid #f57171;border-bottom:2px solid #f57171;border-left:2px solid #f57171;}}@media all and (max-width: 767px){.wp-block-kadence-advanced-form822-cpt-id .kb-adv-form-success{border-top:2px solid #a9ee63;border-right:2px solid #a9ee63;border-bottom:2px solid #a9ee63;border-left:2px solid #a9ee63;}.wp-block-kadence-advanced-form822-cpt-id .kb-adv-form-warning{border-top:2px solid #f57171;border-right:2px solid #f57171;border-bottom:2px solid #f57171;border-left:2px solid #f57171;}}<\/style><div class=\"wp-block-kadence-advanced-form wp-block-kadence-advanced-form822-cpt-id kb-adv-form-label-style-normal kb-adv-form-input-size-standard kb-form-basic-style wp-block-kadence-advanced-form\"><form id=\"kb-adv-form-822-cpt-id\" class=\"kb-advanced-form\" method=\"post\" data-error-message=\"K\u00e9rj\u00fck, t\u00f6ltse ki a k\u00f6telez\u0151 mez\u0151ket!\" action=\"\">\n<style>.kb-row-layout-id114_50bd07-46 > .kt-row-column-wrap{align-content:start;}:where(.kb-row-layout-id114_50bd07-46 > .kt-row-column-wrap) > .wp-block-kadence-column{justify-content:start;}.kb-row-layout-id114_50bd07-46 > .kt-row-column-wrap{column-gap:var(--global-kb-gap-md, 2rem);row-gap:var(--global-kb-gap-md, 2rem);padding-top:0px;padding-right:0px;padding-bottom:0px;padding-left:0px;grid-template-columns:repeat(2, minmax(0, 1fr));}.kb-row-layout-id114_50bd07-46 > .kt-row-layout-overlay{opacity:0.30;}@media all and (max-width: 1024px){.kb-row-layout-id114_50bd07-46 > .kt-row-column-wrap{grid-template-columns:repeat(2, minmax(0, 1fr));}}@media all and (max-width: 767px){.kb-row-layout-id114_50bd07-46 > .kt-row-column-wrap{grid-template-columns:minmax(0, 1fr);}}<\/style><div class=\"kb-row-layout-wrap kb-row-layout-id114_50bd07-46 alignnone wp-block-kadence-rowlayout\"><div class=\"kt-row-column-wrap kt-has-2-columns kt-row-layout-equal kt-tab-layout-inherit kt-mobile-layout-row kt-row-valign-top\">\n<style>.kadence-column114_bbd51d-21 > .kt-inside-inner-col,.kadence-column114_bbd51d-21 > .kt-inside-inner-col:before{border-top-left-radius:0px;border-top-right-radius:0px;border-bottom-right-radius:0px;border-bottom-left-radius:0px;}.kadence-column114_bbd51d-21 > .kt-inside-inner-col{column-gap:var(--global-kb-gap-sm, 1rem);}.kadence-column114_bbd51d-21 > .kt-inside-inner-col{flex-direction:column;}.kadence-column114_bbd51d-21 > .kt-inside-inner-col > .aligncenter{width:100%;}.kadence-column114_bbd51d-21 > .kt-inside-inner-col:before{opacity:0.3;}.kadence-column114_bbd51d-21{position:relative;}@media all and (max-width: 1024px){.kadence-column114_bbd51d-21 > .kt-inside-inner-col{flex-direction:column;justify-content:center;}}@media all and (max-width: 767px){.kadence-column114_bbd51d-21 > .kt-inside-inner-col{flex-direction:column;justify-content:center;}}<\/style>\n<div class=\"wp-block-kadence-column kadence-column114_bbd51d-21\"><div class=\"kt-inside-inner-col\"><div class=\"kb-adv-form-field kb-adv-form-text-type-input kb-adv-form-infield-type-input kb-field8227d024a-db wp-block-kadence-advanced-form-text\"><label class=\"kb-adv-form-label\" for=\"field8227d024a-db\">Name<\/label><input name=\"field7d024a-db\" id=\"field8227d024a-db\" data-label=\"N\u00e9v\" type=\"text\" placeholder=\"\" value=\"\" data-type=\"text\" class=\"kb-field kb-text-field\" data-required=\"no\" \/><\/div><\/div><\/div>\n\n\n<style>.kadence-column114_7246ef-07 > .kt-inside-inner-col,.kadence-column114_7246ef-07 > .kt-inside-inner-col:before{border-top-left-radius:0px;border-top-right-radius:0px;border-bottom-right-radius:0px;border-bottom-left-radius:0px;}.kadence-column114_7246ef-07 > .kt-inside-inner-col{column-gap:var(--global-kb-gap-sm, 1rem);}.kadence-column114_7246ef-07 > .kt-inside-inner-col{flex-direction:column;}.kadence-column114_7246ef-07 > .kt-inside-inner-col > .aligncenter{width:100%;}.kadence-column114_7246ef-07 > .kt-inside-inner-col:before{opacity:0.3;}.kadence-column114_7246ef-07{position:relative;}@media all and (max-width: 1024px){.kadence-column114_7246ef-07 > .kt-inside-inner-col{flex-direction:column;justify-content:center;}}@media all and (max-width: 767px){.kadence-column114_7246ef-07 > .kt-inside-inner-col{flex-direction:column;justify-content:center;}}<\/style>\n<div class=\"wp-block-kadence-column kadence-column114_7246ef-07\"><div class=\"kt-inside-inner-col\"><div class=\"kb-adv-form-field kb-adv-form-text-type-input kb-adv-form-infield-type-input kb-field82238f47b-e1 wp-block-kadence-advanced-form-email\"><label class=\"kb-adv-form-label\" for=\"field82238f47b-e1\">Email<span class=\"kb-adv-form-required\">*<\/span><\/label><input name=\"field38f47b-e1\" id=\"field82238f47b-e1\" data-label=\"Email\" type=\"email\" placeholder=\"\" value=\"\" data-type=\"email\" class=\"kb-field kb-email-field\" data-required=\"yes\" required aria-required=\"true\"\/><\/div><\/div><\/div>\n\n<\/div><\/div>\n\n<div class=\"kb-adv-form-field kb-adv-form-text-type-input kb-adv-form-infield-type-input kb-field82226635d-d8 wp-block-kadence-advanced-form-textarea\"><label class=\"kb-adv-form-label\" for=\"field82226635d-d8\">Message<span class=\"kb-adv-form-required\">*<\/span><\/label><textarea name=\"field26635d-d8\" id=\"field82226635d-d8\" rows=\"3\"  data-label=\"\u00dczenet\" placeholder=\"\" data-type=\"textarea\" class=\"kb-field kb-textarea-field\" data-required=\"yes\" required aria-required=\"true\"><\/textarea><\/div>\n\n<style>ul.menu .kb-submit-field .kb-btnf8b7f7-96.kb-button{width:initial;}.kb-submit-field .kb-btnf8b7f7-96.kb-button{color:#ffffff;font-size:var(--global-kb-font-size-sm, 0.9rem);font-family:Montserrat;font-weight:500;border-top:2px solid #ffffff;border-right:2px solid #ffffff;border-bottom:2px solid #ffffff;border-left:2px solid #ffffff;}.kb-submit-field .kb-btnf8b7f7-96.kb-button:hover, .kb-submit-field .kb-btnf8b7f7-96.kb-button:focus{background:#131212;}.kb-submit-field.kb-fieldf8b7f7-96{justify-content:center;}@media all and (max-width: 1024px){.kb-submit-field .kb-btnf8b7f7-96.kb-button{border-top:2px solid #ffffff;border-right:2px solid #ffffff;border-bottom:2px solid #ffffff;border-left:2px solid #ffffff;}}@media all and (max-width: 767px){.kb-submit-field .kb-btnf8b7f7-96.kb-button{border-top:2px solid #ffffff;border-right:2px solid #ffffff;border-bottom:2px solid #ffffff;border-left:2px solid #ffffff;}}<\/style><div class=\"kb-adv-form-field kb-submit-field kb-fieldf8b7f7-96 wp-block-kadence-advanced-form-submit\"><button class=\"kb-button kt-button button kb-adv-form-submit-button kb-btnf8b7f7-96 kt-btn-size-standard kt-btn-width-type-auto kb-btn-global-outline kt-btn-has-text-true kt-btn-has-svg-false\" type=\"submit\"><span class=\"kt-btn-inner-text\">Send<\/span><\/button><\/div>\n<input type=\"hidden\" name=\"_kb_adv_form_post_id\" value=\"822\"><input type=\"hidden\" name=\"action\" value=\"kb_process_advanced_form_submit\"><input type=\"hidden\" name=\"_kb_adv_form_id\" value=\"822-cpt-id\"><input type=\"hidden\" name=\"trp-form-language\" value=\"en\"\/><\/form><\/div><\/div><\/div>\n<\/div><\/div>\n\n<\/div><\/div>","protected":false},"excerpt":{"rendered":"<p>Contact<\/p>","protected":false},"author":1,"featured_media":0,"parent":0,"menu_order":0,"comment_status":"closed","ping_status":"closed","template":"page-templates\/full-width-transparent.php","meta":{"_gspb_post_css":"","footnotes":""},"class_list":["post-114","page","type-page","status-publish","hentry"],"yoast_head":"<!-- This site is optimized with the Yoast SEO plugin v26.4 - https:\/\/yoast.com\/wordpress\/plugins\/seo\/ -->\n<title>Kapcsolat &#8211; Passandrea<\/title>\n<meta name=\"robots\" content=\"index, follow, max-snippet:-1, max-image-preview:large, max-video-preview:-1\" \/>\n<link rel=\"canonical\" href=\"https:\/\/passandrea.hu\/en\/kapcsolat\/\" \/>\n<meta property=\"og:locale\" content=\"en_US\" \/>\n<meta property=\"og:type\" content=\"article\" \/>\n<meta property=\"og:title\" content=\"Kapcsolat &#8211; Passandrea\" \/>\n<meta property=\"og:description\" content=\"Kapcsolat\" \/>\n<meta property=\"og:url\" content=\"https:\/\/passandrea.hu\/en\/kapcsolat\/\" \/>\n<meta property=\"og:site_name\" content=\"Passandrea\" \/>\n<meta property=\"article:modified_time\" content=\"2025-06-27T09:50:29+00:00\" \/>\n<meta property=\"og:image\" content=\"https:\/\/passandrea.hu\/wp-content\/uploads\/2025\/09\/kezdolap.png\" \/>\n\t<meta property=\"og:image:width\" content=\"1097\" \/>\n\t<meta property=\"og:image:height\" content=\"502\" \/>\n\t<meta property=\"og:image:type\" content=\"image\/png\" \/>\n<meta name=\"twitter:card\" content=\"summary_large_image\" \/>\n<script type=\"application\/ld+json\" class=\"yoast-schema-graph\">{\"@context\":\"https:\/\/schema.org\",\"@graph\":[{\"@type\":\"WebPage\",\"@id\":\"https:\/\/passandrea.hu\/kapcsolat\/\",\"url\":\"https:\/\/passandrea.hu\/kapcsolat\/\",\"name\":\"Kapcsolat &#8211; Passandrea\",\"isPartOf\":{\"@id\":\"https:\/\/passandrea.hu\/#website\"},\"datePublished\":\"2025-05-02T18:31:07+00:00\",\"dateModified\":\"2025-06-27T09:50:29+00:00\",\"breadcrumb\":{\"@id\":\"https:\/\/passandrea.hu\/kapcsolat\/#breadcrumb\"},\"inLanguage\":\"en-US\",\"potentialAction\":[{\"@type\":\"ReadAction\",\"target\":[\"https:\/\/passandrea.hu\/kapcsolat\/\"]}]},{\"@type\":\"BreadcrumbList\",\"@id\":\"https:\/\/passandrea.hu\/kapcsolat\/#breadcrumb\",\"itemListElement\":[{\"@type\":\"ListItem\",\"position\":1,\"name\":\"Kezd\u0151lap\",\"item\":\"https:\/\/passandrea.hu\/\"},{\"@type\":\"ListItem\",\"position\":2,\"name\":\"Kapcsolat\"}]},{\"@type\":\"WebSite\",\"@id\":\"https:\/\/passandrea.hu\/#website\",\"url\":\"https:\/\/passandrea.hu\/\",\"name\":\"Pass Andrea\",\"description\":\"dr\u00e1ma\u00edr\u00f3, rendez\u0151\",\"potentialAction\":[{\"@type\":\"SearchAction\",\"target\":{\"@type\":\"EntryPoint\",\"urlTemplate\":\"https:\/\/passandrea.hu\/?s={search_term_string}\"},\"query-input\":{\"@type\":\"PropertyValueSpecification\",\"valueRequired\":true,\"valueName\":\"search_term_string\"}}],\"inLanguage\":\"en-US\"}]}<\/script>\n<!-- \/ Yoast SEO plugin. -->","yoast_head_json":{"title":"Kapcsolat &#8211; Passandrea","robots":{"index":"index","follow":"follow","max-snippet":"max-snippet:-1","max-image-preview":"max-image-preview:large","max-video-preview":"max-video-preview:-1"},"canonical":"https:\/\/passandrea.hu\/en\/kapcsolat\/","og_locale":"en_US","og_type":"article","og_title":"Kapcsolat &#8211; Passandrea","og_description":"Kapcsolat","og_url":"https:\/\/passandrea.hu\/en\/kapcsolat\/","og_site_name":"Passandrea","article_modified_time":"2025-06-27T09:50:29+00:00","og_image":[{"width":1097,"height":502,"url":"https:\/\/passandrea.hu\/wp-content\/uploads\/2025\/09\/kezdolap.png","type":"image\/png"}],"twitter_card":"summary_large_image","schema":{"@context":"https:\/\/schema.org","@graph":[{"@type":"WebPage","@id":"https:\/\/passandrea.hu\/kapcsolat\/","url":"https:\/\/passandrea.hu\/kapcsolat\/","name":"Kapcsolat &#8211; Passandrea","isPartOf":{"@id":"https:\/\/passandrea.hu\/#website"},"datePublished":"2025-05-02T18:31:07+00:00","dateModified":"2025-06-27T09:50:29+00:00","breadcrumb":{"@id":"https:\/\/passandrea.hu\/kapcsolat\/#breadcrumb"},"inLanguage":"en-US","potentialAction":[{"@type":"ReadAction","target":["https:\/\/passandrea.hu\/kapcsolat\/"]}]},{"@type":"BreadcrumbList","@id":"https:\/\/passandrea.hu\/kapcsolat\/#breadcrumb","itemListElement":[{"@type":"ListItem","position":1,"name":"Kezd\u0151lap","item":"https:\/\/passandrea.hu\/"},{"@type":"ListItem","position":2,"name":"Kapcsolat"}]},{"@type":"WebSite","@id":"https:\/\/passandrea.hu\/#website","url":"https:\/\/passandrea.hu\/","name":"Pass Andrea","description":"playwright, director","potentialAction":[{"@type":"SearchAction","target":{"@type":"EntryPoint","urlTemplate":"https:\/\/passandrea.hu\/?s={search_term_string}"},"query-input":{"@type":"PropertyValueSpecification","valueRequired":true,"valueName":"search_term_string"}}],"inLanguage":"en-US"}]}},"featured_image_src":false,"featured_image_src_square":false,"rbea_author_info":{"display_name":"nati","author_link":"https:\/\/passandrea.hu\/en\/author\/nati\/"},"rbea_excerpt_info":"Kapcsolat","_links":{"self":[{"href":"https:\/\/passandrea.hu\/en\/wp-json\/wp\/v2\/pages\/114","targetHints":{"allow":["GET"]}}],"collection":[{"href":"https:\/\/passandrea.hu\/en\/wp-json\/wp\/v2\/pages"}],"about":[{"href":"https:\/\/passandrea.hu\/en\/wp-json\/wp\/v2\/types\/page"}],"author":[{"embeddable":true,"href":"https:\/\/passandrea.hu\/en\/wp-json\/wp\/v2\/users\/1"}],"replies":[{"embeddable":true,"href":"https:\/\/passandrea.hu\/en\/wp-json\/wp\/v2\/comments?post=114"}],"version-history":[{"count":0,"href":"https:\/\/passandrea.hu\/en\/wp-json\/wp\/v2\/pages\/114\/revisions"}],"wp:attachment":[{"href":"https:\/\/passandrea.hu\/en\/wp-json\/wp\/v2\/media?parent=114"}],"curies":[{"name":"wp","href":"https:\/\/api.w.org\/{rel}","templated":true}]}}