{"id":106,"date":"2025-05-02T20:27:30","date_gmt":"2025-05-02T18:27:30","guid":{"rendered":"http:\/\/passandrea.hu\/?page_id=106"},"modified":"2025-08-22T17:33:09","modified_gmt":"2025-08-22T15:33:09","slug":"szinhazi-rendezesek","status":"publish","type":"page","link":"https:\/\/passandrea.hu\/en\/szinhazi-rendezesek\/","title":{"rendered":"Productions \/ Plays"},"content":{"rendered":"<div style=\"height:57px\" aria-hidden=\"true\" class=\"wp-block-spacer\"><\/div>\n\n\n<style>.kb-row-layout-id106_392844-7a > .kt-row-column-wrap{align-content:start;}:where(.kb-row-layout-id106_392844-7a > .kt-row-column-wrap) > .wp-block-kadence-column{justify-content:start;}.kb-row-layout-id106_392844-7a > .kt-row-column-wrap{column-gap:var(--global-kb-gap-md, 2rem);row-gap:var(--global-kb-gap-md, 2rem);max-width:1240px;margin-left:auto;margin-right:auto;padding-top:0px;padding-bottom:var(--global-kb-spacing-3xl, 6.5rem);grid-template-columns:minmax(0, 1fr);}.kb-row-layout-id106_392844-7a{background-image:url('http:\/\/passandrea.hu\/wp-content\/uploads\/2025\/05\/white-wall-concrete-floor-with-spotlights-scaled.jpg');background-size:cover;background-position:48% 8%;background-attachment:scroll;background-repeat:no-repeat;}.kb-row-layout-id106_392844-7a > .kt-row-layout-overlay{opacity:0.30;}@media all and (max-width: 1024px){.kb-row-layout-id106_392844-7a > .kt-row-column-wrap{grid-template-columns:minmax(0, 1fr);}}@media all and (max-width: 767px){.kb-row-layout-id106_392844-7a > .kt-row-column-wrap{grid-template-columns:minmax(0, 1fr);}}<\/style><div style=\"background-image: url(http:\/\/passandrea.hu\/wp-content\/uploads\/2025\/05\/white-wall-concrete-floor-with-spotlights-scaled.jpg);\" class=\"kb-row-layout-wrap kb-row-layout-id106_392844-7a alignfull has-light-background-background-color kt-row-has-bg wp-block-kadence-rowlayout\"><div class=\"kt-row-column-wrap kt-has-1-columns kt-row-layout-equal kt-tab-layout-inherit kt-mobile-layout-row kt-row-valign-top\">\n<style>.kadence-column106_feadba-71 > .kt-inside-inner-col{padding-right:0px;}.kadence-column106_feadba-71 > .kt-inside-inner-col,.kadence-column106_feadba-71 > .kt-inside-inner-col:before{border-top-left-radius:0px;border-top-right-radius:0px;border-bottom-right-radius:0px;border-bottom-left-radius:0px;}.kadence-column106_feadba-71 > .kt-inside-inner-col{column-gap:var(--global-kb-gap-sm, 1rem);}.kadence-column106_feadba-71 > .kt-inside-inner-col{flex-direction:column;}.kadence-column106_feadba-71 > .kt-inside-inner-col > .aligncenter{width:100%;}.kadence-column106_feadba-71 > .kt-inside-inner-col:before{opacity:0.3;}.kadence-column106_feadba-71{position:relative;}@media all and (max-width: 1024px){.kadence-column106_feadba-71 > .kt-inside-inner-col{flex-direction:column;justify-content:center;}}@media all and (max-width: 767px){.kadence-column106_feadba-71 > .kt-inside-inner-col{flex-direction:column;justify-content:center;}}<\/style>\n<div class=\"wp-block-kadence-column kadence-column106_feadba-71\"><div class=\"kt-inside-inner-col\"><style>.kb-row-layout-id106_90004e-86 > .kt-row-column-wrap{align-content:start;}:where(.kb-row-layout-id106_90004e-86 > .kt-row-column-wrap) > .wp-block-kadence-column{justify-content:start;}.kb-row-layout-id106_90004e-86 > .kt-row-column-wrap{column-gap:var(--global-kb-gap-md, 2rem);row-gap:var(--global-kb-gap-md, 2rem);padding-top:147px;grid-template-columns:minmax(0, 1fr);}.kb-row-layout-id106_90004e-86 > .kt-row-layout-overlay{opacity:0.30;}@media all and (max-width: 1024px){.kb-row-layout-id106_90004e-86 > .kt-row-column-wrap{grid-template-columns:minmax(0, 1fr);}}@media all and (max-width: 767px){.kb-row-layout-id106_90004e-86 > .kt-row-column-wrap{grid-template-columns:minmax(0, 1fr);}}<\/style><div class=\"kb-row-layout-wrap kb-row-layout-id106_90004e-86 alignnone wp-block-kadence-rowlayout\"><div class=\"kt-row-column-wrap kt-has-1-columns kt-row-layout-equal kt-tab-layout-inherit kt-mobile-layout-row kt-row-valign-top\">\n<style>.kadence-column106_f96945-b3 > .kt-inside-inner-col{padding-top:var(--global-kb-spacing-md, 2rem);}.kadence-column106_f96945-b3 > .kt-inside-inner-col,.kadence-column106_f96945-b3 > .kt-inside-inner-col:before{border-top-left-radius:0px;border-top-right-radius:0px;border-bottom-right-radius:0px;border-bottom-left-radius:0px;}.kadence-column106_f96945-b3 > .kt-inside-inner-col{column-gap:var(--global-kb-gap-sm, 1rem);}.kadence-column106_f96945-b3 > .kt-inside-inner-col{flex-direction:column;}.kadence-column106_f96945-b3 > .kt-inside-inner-col > .aligncenter{width:100%;}.kadence-column106_f96945-b3 > .kt-inside-inner-col:before{opacity:0.3;}.kadence-column106_f96945-b3{position:relative;}@media all and (max-width: 1024px){.kadence-column106_f96945-b3 > .kt-inside-inner-col{flex-direction:column;justify-content:center;}}@media all and (max-width: 767px){.kadence-column106_f96945-b3 > .kt-inside-inner-col{flex-direction:column;justify-content:center;}}<\/style>\n<div class=\"wp-block-kadence-column kadence-column106_f96945-b3\"><div class=\"kt-inside-inner-col\"><style>.wp-block-kadence-advancedheading.kt-adv-heading106_bfaf3a-cb, .wp-block-kadence-advancedheading.kt-adv-heading106_bfaf3a-cb[data-kb-block=\"kb-adv-heading106_bfaf3a-cb\"]{padding-bottom:var(--global-kb-spacing-sm, 1.5rem);text-align:center;font-size:26px;font-weight:500;font-style:normal;font-family:Montserrat;letter-spacing:0.5px;color:rgba(16,16,16,0.87);}.wp-block-kadence-advancedheading.kt-adv-heading106_bfaf3a-cb mark.kt-highlight, .wp-block-kadence-advancedheading.kt-adv-heading106_bfaf3a-cb[data-kb-block=\"kb-adv-heading106_bfaf3a-cb\"] mark.kt-highlight{font-style:normal;color:#f76a0c;-webkit-box-decoration-break:clone;box-decoration-break:clone;padding-top:0px;padding-right:0px;padding-bottom:0px;padding-left:0px;}<\/style>\n<h2 class=\"kt-adv-heading106_bfaf3a-cb wp-block-kadence-advancedheading\" data-kb-block=\"kb-adv-heading106_bfaf3a-cb\">Productions \/ Plays<\/h2>\n\n\n<style>.kb-row-layout-id106_2c9a77-f8 > .kt-row-column-wrap{align-content:start;}:where(.kb-row-layout-id106_2c9a77-f8 > .kt-row-column-wrap) > .wp-block-kadence-column{justify-content:start;}.kb-row-layout-id106_2c9a77-f8 > .kt-row-column-wrap{column-gap:var(--global-kb-gap-md, 2rem);row-gap:var(--global-kb-gap-md, 2rem);padding-top:var(--global-kb-spacing-sm, 1.5rem);padding-bottom:var(--global-kb-spacing-xl, 4rem);}.kb-row-layout-id106_2c9a77-f8 > .kt-row-column-wrap > div:not(.added-for-specificity){grid-column:initial;}.kb-row-layout-id106_2c9a77-f8 > .kt-row-column-wrap{grid-template-columns:repeat(3, minmax(0, 1fr));}.kb-row-layout-id106_2c9a77-f8 > .kt-row-layout-overlay{opacity:0.30;}@media all and (max-width: 1024px){.kb-row-layout-id106_2c9a77-f8 > .kt-row-column-wrap > div:not(.added-for-specificity){grid-column:initial;}}@media all and (max-width: 1024px){.kb-row-layout-id106_2c9a77-f8 > .kt-row-column-wrap{grid-template-columns:repeat(3, minmax(0, 1fr));}}@media all and (max-width: 767px){.kb-row-layout-id106_2c9a77-f8 > .kt-row-column-wrap > div:not(.added-for-specificity){grid-column:initial;}.kb-row-layout-id106_2c9a77-f8 > .kt-row-column-wrap{grid-template-columns:minmax(0, 1fr);}}<\/style><div class=\"kb-row-layout-wrap kb-row-layout-id106_2c9a77-f8 alignnone wp-block-kadence-rowlayout\"><div class=\"kt-row-column-wrap kt-has-3-columns kt-row-layout-equal kt-tab-layout-inherit kt-mobile-layout-row kt-row-valign-top\">\n<style>.kadence-column106_a13d88-db > .kt-inside-inner-col{padding-top:var(--global-kb-spacing-md, 2rem);padding-right:var(--global-kb-spacing-xs, 1rem);padding-bottom:var(--global-kb-spacing-md, 2rem);padding-left:var(--global-kb-spacing-xs, 1rem);}.kadence-column106_a13d88-db > .kt-inside-inner-col,.kadence-column106_a13d88-db > .kt-inside-inner-col:before{border-top-left-radius:5px;border-top-right-radius:5px;border-bottom-right-radius:5px;border-bottom-left-radius:5px;}.kadence-column106_a13d88-db > .kt-inside-inner-col{column-gap:var(--global-kb-gap-sm, 1rem);}.kadence-column106_a13d88-db > .kt-inside-inner-col{flex-direction:column;}.kadence-column106_a13d88-db > .kt-inside-inner-col > .aligncenter{width:100%;}.kadence-column106_a13d88-db > .kt-inside-inner-col{background-image:url('http:\/\/passandrea.hu\/wp-content\/uploads\/2025\/05\/CsT_Eder-Vera.jpg');background-size:cover;background-position:0% 44%;background-attachment:scroll;background-repeat:no-repeat;}.kadence-column106_a13d88-db > .kt-inside-inner-col:before{opacity:0.5;background-color:#000;}.kadence-column106_a13d88-db:hover > .kt-inside-inner-col:before{opacity:0.8;background-color:#000;background-image:none;}.kadence-column106_a13d88-db{position:relative;}@media all and (max-width: 1024px){.kadence-column106_a13d88-db > .kt-inside-inner-col{flex-direction:column;justify-content:center;}}@media all and (max-width: 767px){.kadence-column106_a13d88-db > .kt-inside-inner-col{flex-direction:column;justify-content:center;}}<\/style>\n<div class=\"wp-block-kadence-column kadence-column106_a13d88-db kb-section-has-link kb-section-has-overlay\"><div class=\"kt-inside-inner-col\"><style>.wp-block-kadence-advancedheading.kt-adv-heading106_cf079d-aa, .wp-block-kadence-advancedheading.kt-adv-heading106_cf079d-aa[data-kb-block=\"kb-adv-heading106_cf079d-aa\"]{text-align:center;font-size:22px;line-height:1.2;font-weight:600;font-style:normal;font-family:Montserrat;letter-spacing:0.5px;}.wp-block-kadence-advancedheading.kt-adv-heading106_cf079d-aa mark.kt-highlight, .wp-block-kadence-advancedheading.kt-adv-heading106_cf079d-aa[data-kb-block=\"kb-adv-heading106_cf079d-aa\"] mark.kt-highlight{font-style:normal;color:#f76a0c;-webkit-box-decoration-break:clone;box-decoration-break:clone;padding-top:0px;padding-right:0px;padding-bottom:0px;padding-left:0px;}<\/style>\n<h2 class=\"kt-adv-heading106_cf079d-aa wp-block-kadence-advancedheading has-light-background-color has-text-color translation-block\" data-kb-block=\"kb-adv-heading106_cf079d-aa\">Theater<br>productions<\/h2>\n<\/div><a href=\"https:\/\/passandrea.hu\/en\/felnott-eloadasok\/\" class=\"kb-section-link-overlay\"><\/a><\/div>\n\n\n<style>.kadence-column106_d3f7e4-b9 > .kt-inside-inner-col{padding-top:var(--global-kb-spacing-md, 2rem);padding-right:var(--global-kb-spacing-xs, 1rem);padding-bottom:var(--global-kb-spacing-md, 2rem);padding-left:var(--global-kb-spacing-xs, 1rem);}.kadence-column106_d3f7e4-b9 > .kt-inside-inner-col,.kadence-column106_d3f7e4-b9 > .kt-inside-inner-col:before{border-top-left-radius:5px;border-top-right-radius:5px;border-bottom-right-radius:5px;border-bottom-left-radius:5px;}.kadence-column106_d3f7e4-b9 > .kt-inside-inner-col{column-gap:var(--global-kb-gap-sm, 1rem);}.kadence-column106_d3f7e4-b9 > .kt-inside-inner-col{flex-direction:column;}.kadence-column106_d3f7e4-b9 > .kt-inside-inner-col > .aligncenter{width:100%;}.kadence-column106_d3f7e4-b9 > .kt-inside-inner-col{background-image:url('http:\/\/passandrea.hu\/wp-content\/uploads\/2025\/05\/Mathe-Andras-Imago-3-scaled.jpg');background-size:cover;background-position:50% 10%;background-attachment:scroll;background-repeat:no-repeat;}.kadence-column106_d3f7e4-b9 > .kt-inside-inner-col:before{opacity:0.5;background-color:#000;}.kadence-column106_d3f7e4-b9:hover > .kt-inside-inner-col:before{opacity:0.8;background-color:#000;background-image:none;}.kadence-column106_d3f7e4-b9{position:relative;}@media all and (max-width: 1024px){.kadence-column106_d3f7e4-b9 > .kt-inside-inner-col{flex-direction:column;justify-content:center;}}@media all and (max-width: 767px){.kadence-column106_d3f7e4-b9 > .kt-inside-inner-col{flex-direction:column;justify-content:center;}}<\/style>\n<div class=\"wp-block-kadence-column kadence-column106_d3f7e4-b9 kb-section-has-link kb-section-has-overlay\"><div class=\"kt-inside-inner-col\"><style>.wp-block-kadence-advancedheading.kt-adv-heading106_6e44bf-5a, .wp-block-kadence-advancedheading.kt-adv-heading106_6e44bf-5a[data-kb-block=\"kb-adv-heading106_6e44bf-5a\"]{text-align:center;font-size:22px;line-height:1.2;font-weight:600;font-style:normal;font-family:Montserrat;letter-spacing:0.5px;}.wp-block-kadence-advancedheading.kt-adv-heading106_6e44bf-5a mark.kt-highlight, .wp-block-kadence-advancedheading.kt-adv-heading106_6e44bf-5a[data-kb-block=\"kb-adv-heading106_6e44bf-5a\"] mark.kt-highlight{font-style:normal;color:#f76a0c;-webkit-box-decoration-break:clone;box-decoration-break:clone;padding-top:0px;padding-right:0px;padding-bottom:0px;padding-left:0px;}<\/style>\n<h2 class=\"kt-adv-heading106_6e44bf-5a wp-block-kadence-advancedheading has-light-background-color has-text-color translation-block\" data-kb-block=\"kb-adv-heading106_6e44bf-5a\">Theater<br>for Youth<\/h2>\n<\/div><a href=\"https:\/\/passandrea.hu\/en\/ifjusagi-eloadasok\/\" class=\"kb-section-link-overlay\"><\/a><\/div>\n\n\n<style>.kadence-column106_d31f22-73 > .kt-inside-inner-col{padding-top:var(--global-kb-spacing-md, 2rem);padding-right:var(--global-kb-spacing-xs, 1rem);padding-bottom:var(--global-kb-spacing-md, 2rem);padding-left:var(--global-kb-spacing-xs, 1rem);}.kadence-column106_d31f22-73 > .kt-inside-inner-col,.kadence-column106_d31f22-73 > .kt-inside-inner-col:before{border-top-left-radius:5px;border-top-right-radius:5px;border-bottom-right-radius:5px;border-bottom-left-radius:5px;}.kadence-column106_d31f22-73 > .kt-inside-inner-col{column-gap:var(--global-kb-gap-sm, 1rem);}.kadence-column106_d31f22-73 > .kt-inside-inner-col{flex-direction:column;}.kadence-column106_d31f22-73 > .kt-inside-inner-col > .aligncenter{width:100%;}.kadence-column106_d31f22-73 > .kt-inside-inner-col{background-image:url('http:\/\/passandrea.hu\/wp-content\/uploads\/2025\/06\/DSC_2425-scaled.jpg');background-size:cover;background-position:center center;background-attachment:scroll;background-repeat:no-repeat;}.kadence-column106_d31f22-73 > .kt-inside-inner-col:before{opacity:0.5;background-color:#000;}.kadence-column106_d31f22-73:hover > .kt-inside-inner-col:before{opacity:0.8;background-color:#000;background-image:none;}.kadence-column106_d31f22-73{position:relative;}@media all and (max-width: 1024px){.kadence-column106_d31f22-73 > .kt-inside-inner-col{flex-direction:column;justify-content:center;}}@media all and (max-width: 767px){.kadence-column106_d31f22-73 > .kt-inside-inner-col{flex-direction:column;justify-content:center;}}<\/style>\n<div class=\"wp-block-kadence-column kadence-column106_d31f22-73 kb-section-has-link kb-section-has-overlay\"><div class=\"kt-inside-inner-col\"><style>.wp-block-kadence-advancedheading.kt-adv-heading106_9841c5-d9, .wp-block-kadence-advancedheading.kt-adv-heading106_9841c5-d9[data-kb-block=\"kb-adv-heading106_9841c5-d9\"]{text-align:center;font-size:22px;line-height:1.2;font-weight:600;font-style:normal;font-family:Montserrat;letter-spacing:0.5px;}.wp-block-kadence-advancedheading.kt-adv-heading106_9841c5-d9 mark.kt-highlight, .wp-block-kadence-advancedheading.kt-adv-heading106_9841c5-d9[data-kb-block=\"kb-adv-heading106_9841c5-d9\"] mark.kt-highlight{font-style:normal;color:#f76a0c;-webkit-box-decoration-break:clone;box-decoration-break:clone;padding-top:0px;padding-right:0px;padding-bottom:0px;padding-left:0px;}<\/style>\n<h2 class=\"kt-adv-heading106_9841c5-d9 wp-block-kadence-advancedheading has-light-background-color has-text-color translation-block\" data-kb-block=\"kb-adv-heading106_9841c5-d9\">Theater<br>for Children<\/h2>\n<\/div><a href=\"https:\/\/passandrea.hu\/en\/gyerek-eloadasok\/\" class=\"kb-section-link-overlay\"><\/a><\/div>\n\n<\/div><\/div><\/div><\/div>\n\n<\/div><\/div><\/div><\/div>\n\n<\/div><\/div>","protected":false},"excerpt":{"rendered":"<p>Rendez\u00e9sek \/ sz\u00edndarabok Feln\u0151ttel\u0151ad\u00e1sok Ifj\u00fas\u00e1giel\u0151ad\u00e1sok Gyerekel\u0151ad\u00e1sok<\/p>","protected":false},"author":1,"featured_media":0,"parent":0,"menu_order":0,"comment_status":"closed","ping_status":"closed","template":"page-templates\/full-width-no-title.php","meta":{"_gspb_post_css":"@import url(https:\/\/fonts.googleapis.com\/css?family=Montserrat|Montserrat|Montserrat|Montserrat|Montserrat|Montserrat|Montserrat|Montserrat|Montserrat|Montserrat|Montserrat|Montserrat|Montserrat|Montserrat|Montserrat|Montserrat);.gspb_text-id-gsbp-2a68d7a,.gspb_text-id-gsbp-2a68d7a .gsap-g-line{text-align:center!important}.gspb_text-id-gsbp-2a68d7a:hover{transform:scale(1.1)}.gspb_text-id-gsbp-2a68d7a,.gspb_text-id-gsbp-75a9d44{font-weight:400;font-family:Montserrat,sans-serif;font-size:14px;text-decoration:underline;color:var(--wp--preset--color--light-background, #ffffff);margin-bottom:0!important;transition:all .5s cubic-bezier(.42,0,.58,1)}.gspb_text-id-gsbp-75a9d44,.gspb_text-id-gsbp-75a9d44 .gsap-g-line{text-align:center!important}.gspb_text-id-gsbp-75a9d44:hover{transform:scale(1.1)}.gspb_text-id-gsbp-000f6dc,.gspb_text-id-gsbp-000f6dc .gsap-g-line{text-align:center!important}.gspb_text-id-gsbp-000f6dc:hover{transform:scale(1.1)}.gspb_text-id-gsbp-000f6dc,.gspb_text-id-gsbp-8b31ff6{font-weight:400;font-family:Montserrat,sans-serif;font-size:14px;text-decoration:underline;color:var(--wp--preset--color--light-background, #ffffff);margin-bottom:0!important;transition:all .5s cubic-bezier(.42,0,.58,1)}.gspb_text-id-gsbp-8b31ff6,.gspb_text-id-gsbp-8b31ff6 .gsap-g-line{text-align:center!important}.gspb_text-id-gsbp-8b31ff6:hover{transform:scale(1.1)}.gspb_text-id-gsbp-6a002e8{margin-top:0!important}.gspb_text-id-gsbp-6a002e8,.gspb_text-id-gsbp-6a002e8 .gsap-g-line{text-align:center!important}.gspb_text-id-gsbp-6a002e8:hover{transform:scale(1.1)}.gspb_text-id-gsbp-2f0f074,.gspb_text-id-gsbp-6a002e8{font-weight:400;font-family:Montserrat,sans-serif;font-size:14px;text-decoration:underline;color:var(--wp--preset--color--light-background, #ffffff);margin-bottom:0!important;transition:all .5s cubic-bezier(.42,0,.58,1)}.gspb_text-id-gsbp-2f0f074,.gspb_text-id-gsbp-2f0f074 .gsap-g-line{text-align:center!important}.gspb_text-id-gsbp-2f0f074:hover{transform:scale(1.1)}.gspb_text-id-gsbp-6c09bfd,.gspb_text-id-gsbp-6c09bfd .gsap-g-line{text-align:center!important}.gspb_text-id-gsbp-6c09bfd:hover{transform:scale(1.1)}.gspb_text-id-gsbp-6c09bfd,.gspb_text-id-gsbp-f341673{font-weight:400;font-family:Montserrat,sans-serif;font-size:14px;text-decoration:underline;color:var(--wp--preset--color--light-background, #ffffff);margin-bottom:0!important;transition:all .5s cubic-bezier(.42,0,.58,1)}.gspb_text-id-gsbp-f341673,.gspb_text-id-gsbp-f341673 .gsap-g-line{text-align:center!important}.gspb_text-id-gsbp-f341673:hover{transform:scale(1.1)}.gspb_text-id-gsbp-d8d2e71{margin-top:0!important}.gspb_text-id-gsbp-d8d2e71,.gspb_text-id-gsbp-d8d2e71 .gsap-g-line{text-align:center!important}.gspb_text-id-gsbp-d8d2e71:hover{transform:scale(1.1)}.gspb_text-id-gsbp-77c66a7,.gspb_text-id-gsbp-d8d2e71{font-weight:400;font-family:Montserrat,sans-serif;font-size:14px;text-decoration:underline;color:var(--wp--preset--color--light-background, #ffffff);margin-bottom:0!important;transition:all .5s cubic-bezier(.42,0,.58,1)}.gspb_text-id-gsbp-77c66a7,.gspb_text-id-gsbp-77c66a7 .gsap-g-line{text-align:center!important}.gspb_text-id-gsbp-77c66a7:hover{transform:scale(1.1)}.gspb_text-id-gsbp-f4dedba,.gspb_text-id-gsbp-f4dedba .gsap-g-line{text-align:center!important}.gspb_text-id-gsbp-f4dedba:hover{transform:scale(1.1)}.gspb_text-id-gsbp-8c6d645,.gspb_text-id-gsbp-f4dedba{font-weight:400;font-family:Montserrat,sans-serif;font-size:14px;text-decoration:underline;color:var(--wp--preset--color--light-background, #ffffff);margin-bottom:0!important;transition:all .5s cubic-bezier(.42,0,.58,1)}.gspb_text-id-gsbp-8c6d645,.gspb_text-id-gsbp-8c6d645 .gsap-g-line{text-align:center!important}.gspb_text-id-gsbp-8c6d645:hover{transform:scale(1.1)}.gspb_text-id-gsbp-1b5453f{margin-top:0!important}.gspb_text-id-gsbp-1b5453f,.gspb_text-id-gsbp-1b5453f .gsap-g-line{text-align:center!important}.gspb_text-id-gsbp-1b5453f:hover{transform:scale(1.1)}.gspb_text-id-gsbp-1b5453f,.gspb_text-id-gsbp-592d814{font-weight:400;font-family:Montserrat,sans-serif;font-size:14px;text-decoration:underline;color:var(--wp--preset--color--light-background, #ffffff);margin-bottom:0!important;transition:all .5s cubic-bezier(.42,0,.58,1)}.gspb_text-id-gsbp-592d814,.gspb_text-id-gsbp-592d814 .gsap-g-line{text-align:center!important}.gspb_text-id-gsbp-592d814:hover{transform:scale(1.1)}.gspb_text-id-gsbp-8571556,.gspb_text-id-gsbp-8571556 .gsap-g-line{text-align:center!important}.gspb_text-id-gsbp-8571556:hover{transform:scale(1.1)}.gspb_text-id-gsbp-7f0770d,.gspb_text-id-gsbp-8571556{font-weight:400;font-family:Montserrat,sans-serif;font-size:14px;text-decoration:underline;color:var(--wp--preset--color--light-background, #ffffff);margin-bottom:0!important;transition:all .5s cubic-bezier(.42,0,.58,1)}.gspb_text-id-gsbp-7f0770d,.gspb_text-id-gsbp-7f0770d .gsap-g-line{text-align:center!important}.gspb_text-id-gsbp-7f0770d:hover{transform:scale(1.1)}","footnotes":"[]"},"class_list":["post-106","page","type-page","status-publish","hentry"],"yoast_head":"<!-- This site is optimized with the Yoast SEO plugin v26.4 - https:\/\/yoast.com\/wordpress\/plugins\/seo\/ -->\n<title>Rendez\u00e9sek \/ sz\u00edndarabok &#8211; Passandrea<\/title>\n<meta name=\"robots\" content=\"index, follow, max-snippet:-1, max-image-preview:large, max-video-preview:-1\" \/>\n<link rel=\"canonical\" href=\"https:\/\/passandrea.hu\/en\/szinhazi-rendezesek\/\" \/>\n<meta property=\"og:locale\" content=\"en_US\" \/>\n<meta property=\"og:type\" content=\"article\" \/>\n<meta property=\"og:title\" content=\"Rendez\u00e9sek \/ sz\u00edndarabok &#8211; Passandrea\" \/>\n<meta property=\"og:description\" content=\"Rendez\u00e9sek \/ sz\u00edndarabok Feln\u0151ttel\u0151ad\u00e1sok Ifj\u00fas\u00e1giel\u0151ad\u00e1sok Gyerekel\u0151ad\u00e1sok\" \/>\n<meta property=\"og:url\" content=\"https:\/\/passandrea.hu\/en\/szinhazi-rendezesek\/\" \/>\n<meta property=\"og:site_name\" content=\"Passandrea\" \/>\n<meta property=\"article:modified_time\" content=\"2025-08-22T15:33:09+00:00\" \/>\n<meta property=\"og:image\" content=\"https:\/\/passandrea.hu\/wp-content\/uploads\/2025\/09\/kezdolap.png\" \/>\n\t<meta property=\"og:image:width\" content=\"1097\" \/>\n\t<meta property=\"og:image:height\" content=\"502\" \/>\n\t<meta property=\"og:image:type\" content=\"image\/png\" \/>\n<meta name=\"twitter:card\" content=\"summary_large_image\" \/>\n<script type=\"application\/ld+json\" class=\"yoast-schema-graph\">{\"@context\":\"https:\/\/schema.org\",\"@graph\":[{\"@type\":\"WebPage\",\"@id\":\"https:\/\/passandrea.hu\/szinhazi-rendezesek\/\",\"url\":\"https:\/\/passandrea.hu\/szinhazi-rendezesek\/\",\"name\":\"Rendez\u00e9sek \/ sz\u00edndarabok &#8211; Passandrea\",\"isPartOf\":{\"@id\":\"https:\/\/passandrea.hu\/#website\"},\"datePublished\":\"2025-05-02T18:27:30+00:00\",\"dateModified\":\"2025-08-22T15:33:09+00:00\",\"breadcrumb\":{\"@id\":\"https:\/\/passandrea.hu\/szinhazi-rendezesek\/#breadcrumb\"},\"inLanguage\":\"en-US\",\"potentialAction\":[{\"@type\":\"ReadAction\",\"target\":[\"https:\/\/passandrea.hu\/szinhazi-rendezesek\/\"]}]},{\"@type\":\"BreadcrumbList\",\"@id\":\"https:\/\/passandrea.hu\/szinhazi-rendezesek\/#breadcrumb\",\"itemListElement\":[{\"@type\":\"ListItem\",\"position\":1,\"name\":\"Kezd\u0151lap\",\"item\":\"https:\/\/passandrea.hu\/\"},{\"@type\":\"ListItem\",\"position\":2,\"name\":\"Rendez\u00e9sek \/ sz\u00edndarabok\"}]},{\"@type\":\"WebSite\",\"@id\":\"https:\/\/passandrea.hu\/#website\",\"url\":\"https:\/\/passandrea.hu\/\",\"name\":\"Pass Andrea\",\"description\":\"dr\u00e1ma\u00edr\u00f3, rendez\u0151\",\"potentialAction\":[{\"@type\":\"SearchAction\",\"target\":{\"@type\":\"EntryPoint\",\"urlTemplate\":\"https:\/\/passandrea.hu\/?s={search_term_string}\"},\"query-input\":{\"@type\":\"PropertyValueSpecification\",\"valueRequired\":true,\"valueName\":\"search_term_string\"}}],\"inLanguage\":\"en-US\"}]}<\/script>\n<!-- \/ Yoast SEO plugin. -->","yoast_head_json":{"title":"Rendez\u00e9sek \/ sz\u00edndarabok &#8211; Passandrea","robots":{"index":"index","follow":"follow","max-snippet":"max-snippet:-1","max-image-preview":"max-image-preview:large","max-video-preview":"max-video-preview:-1"},"canonical":"https:\/\/passandrea.hu\/en\/szinhazi-rendezesek\/","og_locale":"en_US","og_type":"article","og_title":"Rendez\u00e9sek \/ sz\u00edndarabok &#8211; Passandrea","og_description":"Rendez\u00e9sek \/ sz\u00edndarabok Feln\u0151ttel\u0151ad\u00e1sok Ifj\u00fas\u00e1giel\u0151ad\u00e1sok Gyerekel\u0151ad\u00e1sok","og_url":"https:\/\/passandrea.hu\/en\/szinhazi-rendezesek\/","og_site_name":"Passandrea","article_modified_time":"2025-08-22T15:33:09+00:00","og_image":[{"width":1097,"height":502,"url":"https:\/\/passandrea.hu\/wp-content\/uploads\/2025\/09\/kezdolap.png","type":"image\/png"}],"twitter_card":"summary_large_image","schema":{"@context":"https:\/\/schema.org","@graph":[{"@type":"WebPage","@id":"https:\/\/passandrea.hu\/szinhazi-rendezesek\/","url":"https:\/\/passandrea.hu\/szinhazi-rendezesek\/","name":"Rendez\u00e9sek \/ sz\u00edndarabok &#8211; Passandrea","isPartOf":{"@id":"https:\/\/passandrea.hu\/#website"},"datePublished":"2025-05-02T18:27:30+00:00","dateModified":"2025-08-22T15:33:09+00:00","breadcrumb":{"@id":"https:\/\/passandrea.hu\/szinhazi-rendezesek\/#breadcrumb"},"inLanguage":"en-US","potentialAction":[{"@type":"ReadAction","target":["https:\/\/passandrea.hu\/szinhazi-rendezesek\/"]}]},{"@type":"BreadcrumbList","@id":"https:\/\/passandrea.hu\/szinhazi-rendezesek\/#breadcrumb","itemListElement":[{"@type":"ListItem","position":1,"name":"Kezd\u0151lap","item":"https:\/\/passandrea.hu\/"},{"@type":"ListItem","position":2,"name":"Rendez\u00e9sek \/ sz\u00edndarabok"}]},{"@type":"WebSite","@id":"https:\/\/passandrea.hu\/#website","url":"https:\/\/passandrea.hu\/","name":"Pass Andrea","description":"playwright, director","potentialAction":[{"@type":"SearchAction","target":{"@type":"EntryPoint","urlTemplate":"https:\/\/passandrea.hu\/?s={search_term_string}"},"query-input":{"@type":"PropertyValueSpecification","valueRequired":true,"valueName":"search_term_string"}}],"inLanguage":"en-US"}]}},"featured_image_src":false,"featured_image_src_square":false,"rbea_author_info":{"display_name":"nati","author_link":"https:\/\/passandrea.hu\/en\/author\/nati\/"},"rbea_excerpt_info":"Rendez\u00e9sek \/ sz\u00edndarabok Feln\u0151ttel\u0151ad\u00e1sok Ifj\u00fas\u00e1giel\u0151ad\u00e1sok Gyerekel\u0151ad\u00e1sok","_links":{"self":[{"href":"https:\/\/passandrea.hu\/en\/wp-json\/wp\/v2\/pages\/106","targetHints":{"allow":["GET"]}}],"collection":[{"href":"https:\/\/passandrea.hu\/en\/wp-json\/wp\/v2\/pages"}],"about":[{"href":"https:\/\/passandrea.hu\/en\/wp-json\/wp\/v2\/types\/page"}],"author":[{"embeddable":true,"href":"https:\/\/passandrea.hu\/en\/wp-json\/wp\/v2\/users\/1"}],"replies":[{"embeddable":true,"href":"https:\/\/passandrea.hu\/en\/wp-json\/wp\/v2\/comments?post=106"}],"version-history":[{"count":5,"href":"https:\/\/passandrea.hu\/en\/wp-json\/wp\/v2\/pages\/106\/revisions"}],"predecessor-version":[{"id":971,"href":"https:\/\/passandrea.hu\/en\/wp-json\/wp\/v2\/pages\/106\/revisions\/971"}],"wp:attachment":[{"href":"https:\/\/passandrea.hu\/en\/wp-json\/wp\/v2\/media?parent=106"}],"curies":[{"name":"wp","href":"https:\/\/api.w.org\/{rel}","templated":true}]}}